{"id":1421,"date":"2025-03-11T16:32:34","date_gmt":"2025-03-11T16:32:34","guid":{"rendered":"https:\/\/www.mariacalvet.com\/?page_id=1421"},"modified":"2025-03-17T08:22:17","modified_gmt":"2025-03-17T08:22:17","slug":"animacio","status":"publish","type":"page","link":"https:\/\/www.mariacalvet.com\/ca\/animacio\/","title":{"rendered":"Animaci\u00f3"},"content":{"rendered":"\t\t<div data-elementor-type=\"wp-post\" data-elementor-id=\"1421\" class=\"elementor elementor-1421 elementor-679\" data-elementor-post-type=\"page\">\n\t\t\t\t<div class=\"elementor-element elementor-element-af1a4f5 e-con-full e-flex e-con e-parent\" data-id=\"af1a4f5\" data-element_type=\"container\" data-e-type=\"container\" data-settings=\"{&quot;background_background&quot;:&quot;classic&quot;}\">\n\t\t\t\t<\/div>\n\t\t<div class=\"elementor-element elementor-element-b4efd7b e-con-full e-flex elementor-invisible e-con e-parent\" data-id=\"b4efd7b\" data-element_type=\"container\" data-e-type=\"container\" data-settings=\"{&quot;animation&quot;:&quot;fadeIn&quot;}\">\n\t\t\t\t<div class=\"elementor-element elementor-element-3460c6e elementor-widget elementor-widget-heading\" data-id=\"3460c6e\" data-element_type=\"widget\" data-e-type=\"widget\" data-widget_type=\"heading.default\">\n\t\t\t\t<div class=\"elementor-widget-container\">\n\t\t\t\t\t<h1 class=\"elementor-heading-title elementor-size-default\">Animaci\u00f3<\/h1>\t\t\t\t<\/div>\n\t\t\t\t<\/div>\n\t\t\t\t<div class=\"elementor-element elementor-element-7520af7 elementor-widget__width-initial page-intro elementor-widget elementor-widget-text-editor\" data-id=\"7520af7\" data-element_type=\"widget\" data-e-type=\"widget\" data-widget_type=\"text-editor.default\">\n\t\t\t\t<div class=\"elementor-widget-container\">\n\t\t\t\t\t\t\t\t\t<p>Portem les teves idees m\u00e9s enll\u00e0 dels l\u00edmits, amb <strong>animacions<\/strong> que expliquen, entretinguen i captiven. Des de <strong>v\u00eddeos corporatius fins a contingut per a xarxes socials<\/strong>, creem peces din\u00e0miques que no nom\u00e9s capten l&#8217;atenci\u00f3, sin\u00f3 que arriben on les imatges no poden arribar, transmetent el teu missatge d&#8217;una manera envoltant i visualment poderosa.<\/p>\t\t\t\t\t\t\t\t<\/div>\n\t\t\t\t<\/div>\n\t\t\t\t<\/div>\n\t\t<div class=\"elementor-element elementor-element-7ae7a77 e-con-full bg-content e-flex e-con e-parent\" data-id=\"7ae7a77\" data-element_type=\"container\" data-e-type=\"container\">\n\t\t<div class=\"elementor-element elementor-element-ada85f2 e-con-full e-flex e-con e-child\" data-id=\"ada85f2\" data-element_type=\"container\" data-e-type=\"container\">\n\t\t<div class=\"elementor-element elementor-element-90e5b67 e-con-full img-height-100 e-flex elementor-invisible e-con e-child\" data-id=\"90e5b67\" data-element_type=\"container\" data-e-type=\"container\" data-settings=\"{&quot;background_background&quot;:&quot;classic&quot;,&quot;animation&quot;:&quot;fadeInLeft&quot;}\">\n\t\t\t\t<div class=\"elementor-element elementor-element-a7ddb8e elementor-widget elementor-widget-image\" data-id=\"a7ddb8e\" data-element_type=\"widget\" data-e-type=\"widget\" data-widget_type=\"image.default\">\n\t\t\t\t<div class=\"elementor-widget-container\">\n\t\t\t\t\t\t\t\t\t\t\t\t\t\t\t<img fetchpriority=\"high\" decoding=\"async\" width=\"788\" height=\"576\" src=\"https:\/\/www.mariacalvet.com\/wp-content\/uploads\/2025\/03\/1_videoscribe_GIF2Color.gif\" class=\"attachment-large size-large wp-image-688\" alt=\"\" \/>\t\t\t\t\t\t\t\t\t\t\t\t\t\t\t<\/div>\n\t\t\t\t<\/div>\n\t\t\t\t<\/div>\n\t\t<div class=\"elementor-element elementor-element-b071347 e-con-full e-flex e-con e-child\" data-id=\"b071347\" data-element_type=\"container\" data-e-type=\"container\">\n\t\t<div class=\"elementor-element elementor-element-1d17d78 e-con-full e-flex elementor-invisible e-con e-child\" data-id=\"1d17d78\" data-element_type=\"container\" data-e-type=\"container\" data-settings=\"{&quot;animation&quot;:&quot;fadeIn&quot;}\">\n\t\t\t\t<div class=\"elementor-element elementor-element-174ed0a elementor-widget elementor-widget-heading\" data-id=\"174ed0a\" data-element_type=\"widget\" data-e-type=\"widget\" data-widget_type=\"heading.default\">\n\t\t\t\t<div class=\"elementor-widget-container\">\n\t\t\t\t\t<h2 class=\"elementor-heading-title elementor-size-default\">VideoScribe<\/h2>\t\t\t\t<\/div>\n\t\t\t\t<\/div>\n\t\t\t\t<div class=\"elementor-element elementor-element-28959e5 elementor-widget elementor-widget-text-editor\" data-id=\"28959e5\" data-element_type=\"widget\" data-e-type=\"widget\" data-widget_type=\"text-editor.default\">\n\t\t\t\t<div class=\"elementor-widget-container\">\n\t\t\t\t\t\t\t\t\t<p>Els v\u00eddeos explicatius animats en <strong>estil pissarra blanca<\/strong> (whiteboard animation) s\u00f3n una manera clara, din\u00e0mica i atractiva de comunicar idees. Aquests v\u00eddeos doodle s&#8217;utilitzen habitualment per a educaci\u00f3, m\u00e0rqueting i storytelling<\/p>\t\t\t\t\t\t\t\t<\/div>\n\t\t\t\t<\/div>\n\t\t\t\t<\/div>\n\t\t\t\t<\/div>\n\t\t\t\t<\/div>\n\t\t<div class=\"elementor-element elementor-element-623869a e-con-full e-flex e-con e-child\" data-id=\"623869a\" data-element_type=\"container\" data-e-type=\"container\">\n\t\t<div class=\"elementor-element elementor-element-8c38e3b e-con-full e-flex e-con e-child\" data-id=\"8c38e3b\" data-element_type=\"container\" data-e-type=\"container\">\n\t\t<div class=\"elementor-element elementor-element-e023be7 e-con-full e-flex elementor-invisible e-con e-child\" data-id=\"e023be7\" data-element_type=\"container\" data-e-type=\"container\" data-settings=\"{&quot;animation&quot;:&quot;fadeIn&quot;}\">\n\t\t\t\t<div class=\"elementor-element elementor-element-4df49c4 elementor-widget__width-initial elementor-widget-tablet__width-inherit elementor-widget elementor-widget-heading\" data-id=\"4df49c4\" data-element_type=\"widget\" data-e-type=\"widget\" data-widget_type=\"heading.default\">\n\t\t\t\t<div class=\"elementor-widget-container\">\n\t\t\t\t\t<h2 class=\"elementor-heading-title elementor-size-default\"> Motion graphics<\/h2>\t\t\t\t<\/div>\n\t\t\t\t<\/div>\n\t\t\t\t<div class=\"elementor-element elementor-element-7c768ba elementor-widget elementor-widget-text-editor\" data-id=\"7c768ba\" data-element_type=\"widget\" data-e-type=\"widget\" data-widget_type=\"text-editor.default\">\n\t\t\t\t<div class=\"elementor-widget-container\">\n\t\t\t\t\t\t\t\t\t<p>Els v\u00eddeos amb motion graphics ofereixen una animaci\u00f3 m\u00e9s <strong>fluida i moderna<\/strong>, combinant gr\u00e0fics en moviment, text i efectes visuals per explicar hist\u00f2ries de manera din\u00e0mica. Perfectes per a branding, m\u00e0rqueting i presentacions professionals.<\/p>\t\t\t\t\t\t\t\t<\/div>\n\t\t\t\t<\/div>\n\t\t\t\t<div class=\"elementor-element elementor-element-80c4cf5 elementor-invisible elementor-widget elementor-widget-image\" data-id=\"80c4cf5\" data-element_type=\"widget\" data-e-type=\"widget\" data-settings=\"{&quot;_animation&quot;:&quot;fadeInUp&quot;}\" data-widget_type=\"image.default\">\n\t\t\t\t<div class=\"elementor-widget-container\">\n\t\t\t\t\t\t\t\t\t\t\t\t\t\t\t<img decoding=\"async\" width=\"484\" height=\"584\" src=\"https:\/\/www.mariacalvet.com\/wp-content\/uploads\/2025\/03\/sentirse_escuchado.png\" class=\"attachment-large size-large wp-image-682\" alt=\"\" srcset=\"https:\/\/www.mariacalvet.com\/wp-content\/uploads\/2025\/03\/sentirse_escuchado.png 484w, https:\/\/www.mariacalvet.com\/wp-content\/uploads\/2025\/03\/sentirse_escuchado-249x300.png 249w\" sizes=\"(max-width: 484px) 100vw, 484px\" \/>\t\t\t\t\t\t\t\t\t\t\t\t\t\t\t<\/div>\n\t\t\t\t<\/div>\n\t\t\t\t<\/div>\n\t\t\t\t<\/div>\n\t\t<div class=\"elementor-element elementor-element-077f855 e-con-full e-flex elementor-invisible e-con e-child\" data-id=\"077f855\" data-element_type=\"container\" data-e-type=\"container\" data-settings=\"{&quot;animation&quot;:&quot;fadeInRight&quot;}\">\n\t\t\t\t<div class=\"elementor-element elementor-element-ef70bea elementor-widget elementor-widget-image\" data-id=\"ef70bea\" data-element_type=\"widget\" data-e-type=\"widget\" data-widget_type=\"image.default\">\n\t\t\t\t<div class=\"elementor-widget-container\">\n\t\t\t\t\t\t\t\t\t\t\t\t\t\t\t<img decoding=\"async\" width=\"800\" height=\"565\" src=\"https:\/\/www.mariacalvet.com\/wp-content\/uploads\/2025\/03\/videogif_animacion.gif\" class=\"attachment-large size-large wp-image-1264\" alt=\"\" \/>\t\t\t\t\t\t\t\t\t\t\t\t\t\t\t<\/div>\n\t\t\t\t<\/div>\n\t\t\t\t<\/div>\n\t\t\t\t<\/div>\n\t\t\t\t<\/div>\n\t\t<div class=\"elementor-element elementor-element-dce2373 e-con-full e-flex elementor-invisible e-con e-parent\" data-id=\"dce2373\" data-element_type=\"container\" data-e-type=\"container\" data-settings=\"{&quot;animation&quot;:&quot;zoomIn&quot;}\">\n\t\t\t\t<div class=\"elementor-element elementor-element-5495b72 elementor-align-center elementor-widget elementor-widget-button\" data-id=\"5495b72\" data-element_type=\"widget\" data-e-type=\"widget\" data-widget_type=\"button.default\">\n\t\t\t\t<div class=\"elementor-widget-container\">\n\t\t\t\t\t\t\t\t\t<div class=\"elementor-button-wrapper\">\n\t\t\t\t\t<a class=\"elementor-button elementor-button-link elementor-size-sm\" href=\"https:\/\/www.mariacalvet.com\/ca\/galeria\/animacio\/\">\n\t\t\t\t\t\t<span class=\"elementor-button-content-wrapper\">\n\t\t\t\t\t\t\t\t\t<span class=\"elementor-button-text\">Veure m\u00e9s<\/span>\n\t\t\t\t\t<\/span>\n\t\t\t\t\t<\/a>\n\t\t\t\t<\/div>\n\t\t\t\t\t\t\t\t<\/div>\n\t\t\t\t<\/div>\n\t\t\t\t<\/div>\n\t\t\t\t<\/div>\n\t\t","protected":false},"excerpt":{"rendered":"<p>Animaci\u00f3 Portem les teves idees m\u00e9s enll\u00e0 dels l\u00edmits, amb animacions que expliquen, entretinguen i captiven. Des de v\u00eddeos corporatius fins a contingut per a xarxes socials, creem peces din\u00e0miques que no nom\u00e9s capten l&#8217;atenci\u00f3, sin\u00f3 que arriben on les imatges no poden arribar, transmetent el teu missatge d&#8217;una manera envoltant i visualment poderosa. VideoScribe [&hellip;]<\/p>\n","protected":false},"author":1,"featured_media":0,"parent":0,"menu_order":0,"comment_status":"closed","ping_status":"closed","template":"","meta":{"_acf_changed":false,"inline_featured_image":false,"footnotes":""},"class_list":["post-1421","page","type-page","status-publish","hentry"],"acf":[],"yoast_head":"<!-- This site is optimized with the Yoast SEO plugin v27.2 - https:\/\/yoast.com\/product\/yoast-seo-wordpress\/ -->\n<title>Animaci\u00f3 - Maria Calvet<\/title>\n<meta name=\"robots\" content=\"index, follow, max-snippet:-1, max-image-preview:large, max-video-preview:-1\" \/>\n<link rel=\"canonical\" href=\"https:\/\/www.mariacalvet.com\/ca\/animacio\/\" \/>\n<meta property=\"og:locale\" content=\"ca_ES\" \/>\n<meta property=\"og:type\" content=\"article\" \/>\n<meta property=\"og:title\" content=\"Animaci\u00f3 - Maria Calvet\" \/>\n<meta property=\"og:description\" content=\"Animaci\u00f3 Portem les teves idees m\u00e9s enll\u00e0 dels l\u00edmits, amb animacions que expliquen, entretinguen i captiven. Des de v\u00eddeos corporatius fins a contingut per a xarxes socials, creem peces din\u00e0miques que no nom\u00e9s capten l&#8217;atenci\u00f3, sin\u00f3 que arriben on les imatges no poden arribar, transmetent el teu missatge d&#8217;una manera envoltant i visualment poderosa. VideoScribe [&hellip;]\" \/>\n<meta property=\"og:url\" content=\"https:\/\/www.mariacalvet.com\/ca\/animacio\/\" \/>\n<meta property=\"og:site_name\" content=\"Maria Calvet\" \/>\n<meta property=\"article:modified_time\" content=\"2025-03-17T08:22:17+00:00\" \/>\n<meta property=\"og:image\" content=\"https:\/\/www.mariacalvet.com\/wp-content\/uploads\/2025\/03\/1_videoscribe_GIF2Color.gif\" \/>\n\t<meta property=\"og:image:width\" content=\"788\" \/>\n\t<meta property=\"og:image:height\" content=\"576\" \/>\n\t<meta property=\"og:image:type\" content=\"image\/gif\" \/>\n<meta name=\"twitter:card\" content=\"summary_large_image\" \/>\n<meta name=\"twitter:label1\" content=\"Temps estimat de lectura\" \/>\n\t<meta name=\"twitter:data1\" content=\"2 minuts\" \/>\n<script type=\"application\/ld+json\" class=\"yoast-schema-graph\">{\"@context\":\"https:\/\/schema.org\",\"@graph\":[{\"@type\":\"WebPage\",\"@id\":\"https:\/\/www.mariacalvet.com\/ca\/animacio\/\",\"url\":\"https:\/\/www.mariacalvet.com\/ca\/animacio\/\",\"name\":\"Animaci\u00f3 - Maria Calvet\",\"isPartOf\":{\"@id\":\"https:\/\/www.mariacalvet.com\/ca\/#website\"},\"primaryImageOfPage\":{\"@id\":\"https:\/\/www.mariacalvet.com\/ca\/animacio\/#primaryimage\"},\"image\":{\"@id\":\"https:\/\/www.mariacalvet.com\/ca\/animacio\/#primaryimage\"},\"thumbnailUrl\":\"https:\/\/www.mariacalvet.com\/wp-content\/uploads\/2025\/03\/1_videoscribe_GIF2Color.gif\",\"datePublished\":\"2025-03-11T16:32:34+00:00\",\"dateModified\":\"2025-03-17T08:22:17+00:00\",\"breadcrumb\":{\"@id\":\"https:\/\/www.mariacalvet.com\/ca\/animacio\/#breadcrumb\"},\"inLanguage\":\"ca\",\"potentialAction\":[{\"@type\":\"ReadAction\",\"target\":[\"https:\/\/www.mariacalvet.com\/ca\/animacio\/\"]}]},{\"@type\":\"ImageObject\",\"inLanguage\":\"ca\",\"@id\":\"https:\/\/www.mariacalvet.com\/ca\/animacio\/#primaryimage\",\"url\":\"https:\/\/www.mariacalvet.com\/wp-content\/uploads\/2025\/03\/1_videoscribe_GIF2Color.gif\",\"contentUrl\":\"https:\/\/www.mariacalvet.com\/wp-content\/uploads\/2025\/03\/1_videoscribe_GIF2Color.gif\"},{\"@type\":\"BreadcrumbList\",\"@id\":\"https:\/\/www.mariacalvet.com\/ca\/animacio\/#breadcrumb\",\"itemListElement\":[{\"@type\":\"ListItem\",\"position\":1,\"name\":\"Portada\",\"item\":\"https:\/\/www.mariacalvet.com\/ca\/\"},{\"@type\":\"ListItem\",\"position\":2,\"name\":\"Animaci\u00f3\"}]},{\"@type\":\"WebSite\",\"@id\":\"https:\/\/www.mariacalvet.com\/ca\/#website\",\"url\":\"https:\/\/www.mariacalvet.com\/ca\/\",\"name\":\"Maria Calvet\",\"description\":\"\",\"publisher\":{\"@id\":\"https:\/\/www.mariacalvet.com\/ca\/#organization\"},\"potentialAction\":[{\"@type\":\"SearchAction\",\"target\":{\"@type\":\"EntryPoint\",\"urlTemplate\":\"https:\/\/www.mariacalvet.com\/ca\/?s={search_term_string}\"},\"query-input\":{\"@type\":\"PropertyValueSpecification\",\"valueRequired\":true,\"valueName\":\"search_term_string\"}}],\"inLanguage\":\"ca\"},{\"@type\":\"Organization\",\"@id\":\"https:\/\/www.mariacalvet.com\/ca\/#organization\",\"name\":\"Maria Calvet\",\"url\":\"https:\/\/www.mariacalvet.com\/ca\/\",\"logo\":{\"@type\":\"ImageObject\",\"inLanguage\":\"ca\",\"@id\":\"https:\/\/www.mariacalvet.com\/ca\/#\/schema\/logo\/image\/\",\"url\":\"https:\/\/www.mariacalvet.com\/wp-content\/uploads\/2025\/03\/logo-maria-blanco.png\",\"contentUrl\":\"https:\/\/www.mariacalvet.com\/wp-content\/uploads\/2025\/03\/logo-maria-blanco.png\",\"width\":557,\"height\":168,\"caption\":\"Maria Calvet\"},\"image\":{\"@id\":\"https:\/\/www.mariacalvet.com\/ca\/#\/schema\/logo\/image\/\"}}]}<\/script>\n<!-- \/ Yoast SEO plugin. -->","yoast_head_json":{"title":"Animaci\u00f3 - Maria Calvet","robots":{"index":"index","follow":"follow","max-snippet":"max-snippet:-1","max-image-preview":"max-image-preview:large","max-video-preview":"max-video-preview:-1"},"canonical":"https:\/\/www.mariacalvet.com\/ca\/animacio\/","og_locale":"ca_ES","og_type":"article","og_title":"Animaci\u00f3 - Maria Calvet","og_description":"Animaci\u00f3 Portem les teves idees m\u00e9s enll\u00e0 dels l\u00edmits, amb animacions que expliquen, entretinguen i captiven. Des de v\u00eddeos corporatius fins a contingut per a xarxes socials, creem peces din\u00e0miques que no nom\u00e9s capten l&#8217;atenci\u00f3, sin\u00f3 que arriben on les imatges no poden arribar, transmetent el teu missatge d&#8217;una manera envoltant i visualment poderosa. VideoScribe [&hellip;]","og_url":"https:\/\/www.mariacalvet.com\/ca\/animacio\/","og_site_name":"Maria Calvet","article_modified_time":"2025-03-17T08:22:17+00:00","og_image":[{"url":"https:\/\/www.mariacalvet.com\/wp-content\/uploads\/2025\/03\/1_videoscribe_GIF2Color.gif","width":788,"height":576,"type":"image\/gif"}],"twitter_card":"summary_large_image","twitter_misc":{"Temps estimat de lectura":"2 minuts"},"schema":{"@context":"https:\/\/schema.org","@graph":[{"@type":"WebPage","@id":"https:\/\/www.mariacalvet.com\/ca\/animacio\/","url":"https:\/\/www.mariacalvet.com\/ca\/animacio\/","name":"Animaci\u00f3 - Maria Calvet","isPartOf":{"@id":"https:\/\/www.mariacalvet.com\/ca\/#website"},"primaryImageOfPage":{"@id":"https:\/\/www.mariacalvet.com\/ca\/animacio\/#primaryimage"},"image":{"@id":"https:\/\/www.mariacalvet.com\/ca\/animacio\/#primaryimage"},"thumbnailUrl":"https:\/\/www.mariacalvet.com\/wp-content\/uploads\/2025\/03\/1_videoscribe_GIF2Color.gif","datePublished":"2025-03-11T16:32:34+00:00","dateModified":"2025-03-17T08:22:17+00:00","breadcrumb":{"@id":"https:\/\/www.mariacalvet.com\/ca\/animacio\/#breadcrumb"},"inLanguage":"ca","potentialAction":[{"@type":"ReadAction","target":["https:\/\/www.mariacalvet.com\/ca\/animacio\/"]}]},{"@type":"ImageObject","inLanguage":"ca","@id":"https:\/\/www.mariacalvet.com\/ca\/animacio\/#primaryimage","url":"https:\/\/www.mariacalvet.com\/wp-content\/uploads\/2025\/03\/1_videoscribe_GIF2Color.gif","contentUrl":"https:\/\/www.mariacalvet.com\/wp-content\/uploads\/2025\/03\/1_videoscribe_GIF2Color.gif"},{"@type":"BreadcrumbList","@id":"https:\/\/www.mariacalvet.com\/ca\/animacio\/#breadcrumb","itemListElement":[{"@type":"ListItem","position":1,"name":"Portada","item":"https:\/\/www.mariacalvet.com\/ca\/"},{"@type":"ListItem","position":2,"name":"Animaci\u00f3"}]},{"@type":"WebSite","@id":"https:\/\/www.mariacalvet.com\/ca\/#website","url":"https:\/\/www.mariacalvet.com\/ca\/","name":"Maria Calvet","description":"","publisher":{"@id":"https:\/\/www.mariacalvet.com\/ca\/#organization"},"potentialAction":[{"@type":"SearchAction","target":{"@type":"EntryPoint","urlTemplate":"https:\/\/www.mariacalvet.com\/ca\/?s={search_term_string}"},"query-input":{"@type":"PropertyValueSpecification","valueRequired":true,"valueName":"search_term_string"}}],"inLanguage":"ca"},{"@type":"Organization","@id":"https:\/\/www.mariacalvet.com\/ca\/#organization","name":"Maria Calvet","url":"https:\/\/www.mariacalvet.com\/ca\/","logo":{"@type":"ImageObject","inLanguage":"ca","@id":"https:\/\/www.mariacalvet.com\/ca\/#\/schema\/logo\/image\/","url":"https:\/\/www.mariacalvet.com\/wp-content\/uploads\/2025\/03\/logo-maria-blanco.png","contentUrl":"https:\/\/www.mariacalvet.com\/wp-content\/uploads\/2025\/03\/logo-maria-blanco.png","width":557,"height":168,"caption":"Maria Calvet"},"image":{"@id":"https:\/\/www.mariacalvet.com\/ca\/#\/schema\/logo\/image\/"}}]}},"_links":{"self":[{"href":"https:\/\/www.mariacalvet.com\/ca\/wp-json\/wp\/v2\/pages\/1421","targetHints":{"allow":["GET"]}}],"collection":[{"href":"https:\/\/www.mariacalvet.com\/ca\/wp-json\/wp\/v2\/pages"}],"about":[{"href":"https:\/\/www.mariacalvet.com\/ca\/wp-json\/wp\/v2\/types\/page"}],"author":[{"embeddable":true,"href":"https:\/\/www.mariacalvet.com\/ca\/wp-json\/wp\/v2\/users\/1"}],"replies":[{"embeddable":true,"href":"https:\/\/www.mariacalvet.com\/ca\/wp-json\/wp\/v2\/comments?post=1421"}],"version-history":[{"count":11,"href":"https:\/\/www.mariacalvet.com\/ca\/wp-json\/wp\/v2\/pages\/1421\/revisions"}],"predecessor-version":[{"id":1699,"href":"https:\/\/www.mariacalvet.com\/ca\/wp-json\/wp\/v2\/pages\/1421\/revisions\/1699"}],"wp:attachment":[{"href":"https:\/\/www.mariacalvet.com\/ca\/wp-json\/wp\/v2\/media?parent=1421"}],"curies":[{"name":"wp","href":"https:\/\/api.w.org\/{rel}","templated":true}]}}