{"id":1453,"date":"2025-03-12T09:57:43","date_gmt":"2025-03-12T09:57:43","guid":{"rendered":"https:\/\/www.mariacalvet.com\/?page_id=1453"},"modified":"2025-03-17T08:25:29","modified_gmt":"2025-03-17T08:25:29","slug":"contacte","status":"publish","type":"page","link":"https:\/\/www.mariacalvet.com\/ca\/contacte\/","title":{"rendered":"Contacte"},"content":{"rendered":"\t\t<div data-elementor-type=\"wp-post\" data-elementor-id=\"1453\" class=\"elementor elementor-1453 elementor-842\" data-elementor-post-type=\"page\">\n\t\t\t\t<div class=\"elementor-element elementor-element-af1a4f5 e-con-full e-flex e-con e-parent\" data-id=\"af1a4f5\" data-element_type=\"container\" data-e-type=\"container\" data-settings=\"{&quot;background_background&quot;:&quot;video&quot;,&quot;background_play_on_mobile&quot;:&quot;yes&quot;,&quot;background_video_link&quot;:&quot;https:\\\/\\\/www.mariacalvet.com\\\/ca\\\/maria_trazo\\\/&quot;}\">\n\t\t<div class=\"elementor-background-video-container\">\n\t\t\t\t\t\t\t<video class=\"elementor-background-video-hosted\" role=\"presentation\" autoplay muted playsinline loop><\/video>\n\t\t\t\t\t<\/div>\t\t<\/div>\n\t\t<div class=\"elementor-element elementor-element-b351168 e-con-full e-flex e-con e-parent\" data-id=\"b351168\" data-element_type=\"container\" data-e-type=\"container\">\n\t\t\t\t<div class=\"elementor-element elementor-element-1525363 elementor-widget elementor-widget-template\" data-id=\"1525363\" data-element_type=\"widget\" data-e-type=\"widget\" data-widget_type=\"template.default\">\n\t\t\t\t<div class=\"elementor-widget-container\">\n\t\t\t\t\t\t\t<div class=\"elementor-template\">\n\t\t\t\t\t<div data-elementor-type=\"container\" data-elementor-id=\"1821\" class=\"elementor elementor-1821 elementor-860 elementor-860\" data-elementor-post-type=\"elementor_library\">\n\t\t\t\t<div class=\"elementor-element elementor-element-416d8ecb e-con-full e-flex e-con e-parent\" data-id=\"416d8ecb\" data-element_type=\"container\" data-e-type=\"container\" data-settings=\"{&quot;background_background&quot;:&quot;classic&quot;}\">\n\t\t\t\t<div class=\"elementor-element elementor-element-43e7b716 elementor-absolute bicicleta elementor-widget elementor-widget-image\" data-id=\"43e7b716\" data-element_type=\"widget\" data-e-type=\"widget\" id=\"bicicleta\" data-settings=\"{&quot;_position&quot;:&quot;absolute&quot;}\" data-widget_type=\"image.default\">\n\t\t\t\t<div class=\"elementor-widget-container\">\n\t\t\t\t\t\t\t\t\t\t\t\t\t\t\t<img fetchpriority=\"high\" decoding=\"async\" width=\"800\" height=\"907\" src=\"https:\/\/www.mariacalvet.com\/wp-content\/uploads\/2025\/03\/Chica-bici-en-alta-res_tono-903x1024.png\" class=\"attachment-large size-large wp-image-444\" alt=\"\" srcset=\"https:\/\/www.mariacalvet.com\/wp-content\/uploads\/2025\/03\/Chica-bici-en-alta-res_tono-903x1024.png 903w, https:\/\/www.mariacalvet.com\/wp-content\/uploads\/2025\/03\/Chica-bici-en-alta-res_tono-264x300.png 264w, https:\/\/www.mariacalvet.com\/wp-content\/uploads\/2025\/03\/Chica-bici-en-alta-res_tono-768x871.png 768w, https:\/\/www.mariacalvet.com\/wp-content\/uploads\/2025\/03\/Chica-bici-en-alta-res_tono.png 1124w\" sizes=\"(max-width: 800px) 100vw, 800px\" \/>\t\t\t\t\t\t\t\t\t\t\t\t\t\t\t<\/div>\n\t\t\t\t<\/div>\n\t\t<div class=\"elementor-element elementor-element-51cf3a8a e-con-full e-flex e-con e-child\" data-id=\"51cf3a8a\" data-element_type=\"container\" data-e-type=\"container\">\n\t\t\t\t<div class=\"elementor-element elementor-element-716a52ae elementor-widget elementor-widget-heading\" data-id=\"716a52ae\" data-element_type=\"widget\" data-e-type=\"widget\" data-widget_type=\"heading.default\">\n\t\t\t\t<div class=\"elementor-widget-container\">\n\t\t\t\t\t<h2 class=\"elementor-heading-title elementor-size-default\">Tens un esdeveniment o projecte en ment?<\/h2>\t\t\t\t<\/div>\n\t\t\t\t<\/div>\n\t\t\t\t<div class=\"elementor-element elementor-element-3d3f2602 elementor-widget elementor-widget-text-editor\" data-id=\"3d3f2602\" data-element_type=\"widget\" data-e-type=\"widget\" data-widget_type=\"text-editor.default\">\n\t\t\t\t<div class=\"elementor-widget-container\">\n\t\t\t\t\t\t\t\t\t<p>Explica&#8217;ns qu\u00e8 necessites i t&#8217;ajudarem a trobar la millor soluci\u00f3 visual per a tu.<\/p>\t\t\t\t\t\t\t\t<\/div>\n\t\t\t\t<\/div>\n\t\t\t\t<div class=\"elementor-element elementor-element-15b02911 elementor-widget__width-initial elementor-widget elementor-widget-form\" data-id=\"15b02911\" data-element_type=\"widget\" data-e-type=\"widget\" data-settings=\"{&quot;step_next_label&quot;:&quot;Siguiente&quot;,&quot;step_previous_label&quot;:&quot;Anterior&quot;,&quot;button_width&quot;:&quot;100&quot;,&quot;step_type&quot;:&quot;number_text&quot;,&quot;step_icon_shape&quot;:&quot;circle&quot;}\" data-widget_type=\"form.default\">\n\t\t\t\t<div class=\"elementor-widget-container\">\n\t\t\t\t\t\t\t<form class=\"elementor-form\" method=\"post\" name=\"Contacto\">\n\t\t\t<input type=\"hidden\" name=\"post_id\" value=\"1821\"\/>\n\t\t\t<input type=\"hidden\" name=\"form_id\" value=\"15b02911\"\/>\n\t\t\t<input type=\"hidden\" name=\"referer_title\" value=\"Maria Calvet\" \/>\n\n\t\t\t\n\t\t\t<div class=\"elementor-form-fields-wrapper elementor-labels-above\">\n\t\t\t\t\t\t\t\t<div class=\"elementor-field-type-select elementor-field-group elementor-column elementor-field-group-field_74cb572 elementor-col-100 elementor-field-required\">\n\t\t\t\t\t\t\t\t\t\t\t\t<label for=\"form-field-field_74cb572\" class=\"elementor-field-label\">\n\t\t\t\t\t\t\t\tEn qu\u00e8 podem ajudar-te?\t\t\t\t\t\t\t<\/label>\n\t\t\t\t\t\t\t\t<div class=\"elementor-field elementor-select-wrapper remove-before \">\n\t\t\t<div class=\"select-caret-down-wrapper\">\n\t\t\t\t<svg aria-hidden=\"true\" class=\"e-font-icon-svg e-eicon-caret-down\" viewBox=\"0 0 571.4 571.4\" xmlns=\"http:\/\/www.w3.org\/2000\/svg\"><path d=\"M571 393Q571 407 561 418L311 668Q300 679 286 679T261 668L11 418Q0 407 0 393T11 368 36 357H536Q550 357 561 368T571 393Z\"><\/path><\/svg>\t\t\t<\/div>\n\t\t\t<select name=\"form_fields[field_74cb572]\" id=\"form-field-field_74cb572\" class=\"elementor-field-textual elementor-size-sm\" required=\"required\">\n\t\t\t\t\t\t\t\t\t<option value=\"Tinc un esdeveniment i vull visual thinking en directe.\">Tinc un esdeveniment i vull visual thinking en directe.<\/option>\n\t\t\t\t\t\t\t\t\t<option value=\"Vull un mural per a la meva empresa o esdeveniment.\">Vull un mural per a la meva empresa o esdeveniment.<\/option>\n\t\t\t\t\t\t\t\t\t<option value=\"Necessito il\u00b7lustracions o infografies personalitzades.\">Necessito il\u00b7lustracions o infografies personalitzades.<\/option>\n\t\t\t\t\t\t\t\t\t<option value=\"Vull animacions per explicar una idea.\">Vull animacions per explicar una idea.<\/option>\n\t\t\t\t\t\t\t\t\t<option value=\"M&#039;interessa formaci\u00f3 en visual thinking.\">M&#039;interessa formaci\u00f3 en visual thinking.<\/option>\n\t\t\t\t\t\t\t\t\t<option value=\"Una altra consulta.\">Una altra consulta.<\/option>\n\t\t\t\t\t\t\t<\/select>\n\t\t<\/div>\n\t\t\t\t\t\t<\/div>\n\t\t\t\t\t\t\t\t<div class=\"elementor-field-type-select elementor-field-group elementor-column elementor-field-group-cuando elementor-col-80 elementor-field-required\">\n\t\t\t\t\t\t\t\t\t\t\t\t<label for=\"form-field-cuando\" class=\"elementor-field-label\">\n\t\t\t\t\t\t\t\tPer quan ho necessites?\t\t\t\t\t\t\t<\/label>\n\t\t\t\t\t\t\t\t<div class=\"elementor-field elementor-select-wrapper remove-before \">\n\t\t\t<div class=\"select-caret-down-wrapper\">\n\t\t\t\t<svg aria-hidden=\"true\" class=\"e-font-icon-svg e-eicon-caret-down\" viewBox=\"0 0 571.4 571.4\" xmlns=\"http:\/\/www.w3.org\/2000\/svg\"><path d=\"M571 393Q571 407 561 418L311 668Q300 679 286 679T261 668L11 418Q0 407 0 393T11 368 36 357H536Q550 357 561 368T571 393Z\"><\/path><\/svg>\t\t\t<\/div>\n\t\t\t<select name=\"form_fields[cuando]\" id=\"form-field-cuando\" class=\"elementor-field-textual elementor-size-sm\" required=\"required\">\n\t\t\t\t\t\t\t\t\t<option value=\"\">Selecciona<\/option>\n\t\t\t\t\t\t\t\t\t<option value=\"fecha_exacta\">Tinc una data concreta<\/option>\n\t\t\t\t\t\t\t\t\t<option value=\"no_tengo_fecha\">Encara no tinc data, per\u00f2 vull informaci\u00f3 i disponibilitat<\/option>\n\t\t\t\t\t\t\t\t\t<option value=\"urgente\">Ho necessito amb urg\u00e8ncia<\/option>\n\t\t\t\t\t\t\t<\/select>\n\t\t<\/div>\n\t\t\t\t\t\t<\/div>\n\t\t\t\t\t\t\t\t<div class=\"elementor-field-type-date elementor-field-group elementor-column elementor-field-group-fecha elementor-col-80\">\n\t\t\t\t\t\t\t\t\t\t\t\t<label for=\"form-field-fecha\" class=\"elementor-field-label\">\n\t\t\t\t\t\t\t\tIndica la data\t\t\t\t\t\t\t<\/label>\n\t\t\t\t\t\t\n\t\t<input type=\"date\" name=\"form_fields[fecha]\" id=\"form-field-fecha\" class=\"elementor-field elementor-size-sm  elementor-field-textual elementor-date-field elementor-use-native\" pattern=\"[0-9]{4}-[0-9]{2}-[0-9]{2}\">\n\t\t\t\t\t\t<\/div>\n\t\t\t\t\t\t\t\t<div class=\"elementor-field-type-textarea elementor-field-group elementor-column elementor-field-group-message elementor-col-100 elementor-field-required\">\n\t\t\t\t\t\t\t\t\t\t\t\t<label for=\"form-field-message\" class=\"elementor-field-label\">\n\t\t\t\t\t\t\t\tExplica amb m\u00e9s detall el que necessites\t\t\t\t\t\t\t<\/label>\n\t\t\t\t\t\t<textarea class=\"elementor-field-textual elementor-field  elementor-size-sm\" name=\"form_fields[message]\" id=\"form-field-message\" rows=\"4\" required=\"required\"><\/textarea>\t\t\t\t<\/div>\n\t\t\t\t\t\t\t\t<div class=\"elementor-field-type-email elementor-field-group elementor-column elementor-field-group-email elementor-col-70 elementor-field-required\">\n\t\t\t\t\t\t\t\t\t\t\t\t<label for=\"form-field-email\" class=\"elementor-field-label\">\n\t\t\t\t\t\t\t\tDeixa'ns el teu correu electr\u00f2nic\t\t\t\t\t\t\t<\/label>\n\t\t\t\t\t\t\t\t\t\t\t\t\t\t<input size=\"1\" type=\"email\" name=\"form_fields[email]\" id=\"form-field-email\" class=\"elementor-field elementor-size-sm  elementor-field-textual\" required=\"required\">\n\t\t\t\t\t\t\t\t\t\t\t<\/div>\n\t\t\t\t\t\t\t\t<div class=\"elementor-field-type-acceptance elementor-field-group elementor-column elementor-field-group-field_592ae88 elementor-col-100 elementor-field-required\">\n\t\t\t\t\t\t\t\t\t\t\t\t<label for=\"form-field-field_592ae88\" class=\"elementor-field-label\">\n\t\t\t\t\t\t\t\tGDPR\t\t\t\t\t\t\t<\/label>\n\t\t\t\t\t\t\t\t<div class=\"elementor-field-subgroup\">\n\t\t\t<span class=\"elementor-field-option\">\n\t\t\t\t<input type=\"checkbox\" name=\"form_fields[field_592ae88]\" id=\"form-field-field_592ae88\" class=\"elementor-field elementor-size-sm  elementor-acceptance-field\" required=\"required\">\n\t\t\t\t<label for=\"form-field-field_592ae88\">He llegit i accepto la <a href=\"https:\/\/www.mariacalvet.com\/ca\/politica-privacitat\/\" target=\"_blank\">pol\u00edtica de privacitat<\/a><\/label>\t\t\t<\/span>\n\t\t<\/div>\n\t\t\t\t\t\t<\/div>\n\t\t\t\t\t\t\t\t<div class=\"elementor-field-type-recaptcha_v3 elementor-field-group elementor-column elementor-field-group-field_a2bc763 elementor-col-100 recaptcha_v3-bottomright\">\n\t\t\t\t\t<div class=\"elementor-field\" id=\"form-field-field_a2bc763\"><div class=\"elementor-g-recaptcha\" data-sitekey=\"6LfJd-kqAAAAAAd-X8bnng-TeFTbPduxqV8mkcuk\" data-type=\"v3\" data-action=\"Form\" data-badge=\"bottomright\" data-size=\"invisible\"><\/div><\/div>\t\t\t\t<\/div>\n\t\t\t\t\t\t\t\t<div class=\"elementor-field-group elementor-column elementor-field-type-submit elementor-col-100 e-form__buttons\">\n\t\t\t\t\t<button class=\"elementor-button elementor-size-sm\" type=\"submit\">\n\t\t\t\t\t\t<span class=\"elementor-button-content-wrapper\">\n\t\t\t\t\t\t\t\t\t\t\t\t\t\t\t\t\t\t\t\t\t\t<span class=\"elementor-button-text\">Enviar<\/span>\n\t\t\t\t\t\t\t\t\t\t\t\t\t<\/span>\n\t\t\t\t\t<\/button>\n\t\t\t\t<\/div>\n\t\t\t<\/div>\n\t\t<\/form>\n\t\t\t\t\t\t<\/div>\n\t\t\t\t<\/div>\n\t\t\t\t<\/div>\n\t\t\t\t<\/div>\n\t\t\t\t<\/div>\n\t\t\t\t<\/div>\n\t\t\t\t\t\t<\/div>\n\t\t\t\t<\/div>\n\t\t\t\t<\/div>\n\t\t<div class=\"elementor-element elementor-element-b4efd7b e-con-full e-flex elementor-invisible e-con e-parent\" data-id=\"b4efd7b\" data-element_type=\"container\" data-e-type=\"container\" data-settings=\"{&quot;animation&quot;:&quot;fadeIn&quot;}\">\n\t\t\t\t<div class=\"elementor-element elementor-element-a1c42bb elementor-widget__width-initial elementor-absolute elementor-hidden-tablet elementor-hidden-mobile elementor-widget elementor-widget-image\" data-id=\"a1c42bb\" data-element_type=\"widget\" data-e-type=\"widget\" data-settings=\"{&quot;_position&quot;:&quot;absolute&quot;}\" data-widget_type=\"image.default\">\n\t\t\t\t<div class=\"elementor-widget-container\">\n\t\t\t\t\t\t\t\t\t\t\t\t\t\t\t<img decoding=\"async\" width=\"528\" height=\"204\" src=\"https:\/\/www.mariacalvet.com\/wp-content\/uploads\/2025\/03\/rayajo1.png\" class=\"attachment-large size-large wp-image-890\" alt=\"\" srcset=\"https:\/\/www.mariacalvet.com\/wp-content\/uploads\/2025\/03\/rayajo1.png 528w, https:\/\/www.mariacalvet.com\/wp-content\/uploads\/2025\/03\/rayajo1-300x116.png 300w\" sizes=\"(max-width: 528px) 100vw, 528px\" \/>\t\t\t\t\t\t\t\t\t\t\t\t\t\t\t<\/div>\n\t\t\t\t<\/div>\n\t\t\t\t<div class=\"elementor-element elementor-element-3460c6e elementor-widget elementor-widget-heading\" data-id=\"3460c6e\" data-element_type=\"widget\" data-e-type=\"widget\" data-widget_type=\"heading.default\">\n\t\t\t\t<div class=\"elementor-widget-container\">\n\t\t\t\t\t<h1 class=\"elementor-heading-title elementor-size-default\">Des del 2012, dibuixant l\u2019invisible.<\/h1>\t\t\t\t<\/div>\n\t\t\t\t<\/div>\n\t\t<div class=\"elementor-element elementor-element-220fae2 e-con-full e-flex e-con e-child\" data-id=\"220fae2\" data-element_type=\"container\" data-e-type=\"container\">\n\t\t\t\t<div class=\"elementor-element elementor-element-aee5fae elementor-widget__width-initial elementor-absolute elementor-hidden-tablet elementor-hidden-mobile elementor-widget elementor-widget-image\" data-id=\"aee5fae\" data-element_type=\"widget\" data-e-type=\"widget\" data-settings=\"{&quot;_position&quot;:&quot;absolute&quot;}\" data-widget_type=\"image.default\">\n\t\t\t\t<div class=\"elementor-widget-container\">\n\t\t\t\t\t\t\t\t\t\t\t\t\t\t\t<img decoding=\"async\" width=\"336\" height=\"199\" src=\"https:\/\/www.mariacalvet.com\/wp-content\/uploads\/2025\/03\/rayajo2.png\" class=\"attachment-large size-large wp-image-887\" alt=\"\" srcset=\"https:\/\/www.mariacalvet.com\/wp-content\/uploads\/2025\/03\/rayajo2.png 336w, https:\/\/www.mariacalvet.com\/wp-content\/uploads\/2025\/03\/rayajo2-300x178.png 300w\" sizes=\"(max-width: 336px) 100vw, 336px\" \/>\t\t\t\t\t\t\t\t\t\t\t\t\t\t\t<\/div>\n\t\t\t\t<\/div>\n\t\t\t\t<div class=\"elementor-element elementor-element-7520af7 elementor-widget__width-initial page-intro elementor-widget elementor-widget-text-editor\" data-id=\"7520af7\" data-element_type=\"widget\" data-e-type=\"widget\" data-widget_type=\"text-editor.default\">\n\t\t\t\t<div class=\"elementor-widget-container\">\n\t\t\t\t\t\t\t\t\t<p data-start=\"0\" data-end=\"307\">S\u00f3c Maria Calvet, apassionada pel <strong>pensament visual<\/strong>. Des de sempre m\u2019ha fascinat com una simple l\u00ednia pot convertir una idea en quelcom tangible, com el dibuix t\u00e9 el poder de clarificar all\u00f2 complex i connectar les persones en un mateix marc de comprensi\u00f3. Per a mi, <strong>visualitzar \u00e9s fer visible l\u2019invisible<\/strong>.<\/p><p data-start=\"309\" data-end=\"630\">Al llarg de la meva traject\u00f2ria, he col\u00b7laborat amb dissenyadors gr\u00e0fics, especialistes en animaci\u00f3 i artistes per crear solucions visuals que potencien la comunicaci\u00f3 i la creativitat. <strong>La meva feina no \u00e9s nom\u00e9s dibuixar, sin\u00f3 escoltar, sintetitzar i donar forma als conceptes<\/strong> perqu\u00e8 siguin comprensibles i accionables.<\/p><p data-start=\"632\" data-end=\"1035\">Crec en el poder del visual per transformar reunions, confer\u00e8ncies i processos estrat\u00e8gics en experi\u00e8ncies m\u00e9s din\u00e0miques, col\u00b7laboratives i memorables. Ja sigui a trav\u00e9s del <strong>graphic recording en esdeveniments, la facilitaci\u00f3 visual en sessions de treball o la cocreaci\u00f3 amb altres professionals del disseny i l\u2019animaci\u00f3<\/strong>, el meu objectiu \u00e9s convertir idees en imatges que inspirin i generin impacte.<\/p><p data-start=\"1037\" data-end=\"1167\" data-is-last-node=\"\" data-is-only-node=\"\">Si vols explorar com el pensament visual pot potenciar el teu projecte, estar\u00e9 encantada d&#8217;acompanyar-te en el proc\u00e9s. <strong data-start=\"1156\" data-end=\"1167\" data-is-last-node=\"\">Parlem!<\/strong><\/p>\t\t\t\t\t\t\t\t<\/div>\n\t\t\t\t<\/div>\n\t\t\t\t<\/div>\n\t\t\t\t<div class=\"elementor-element elementor-element-6235fcf elementor-widget elementor-widget-image\" data-id=\"6235fcf\" data-element_type=\"widget\" data-e-type=\"widget\" data-widget_type=\"image.default\">\n\t\t\t\t<div class=\"elementor-widget-container\">\n\t\t\t\t\t\t\t\t\t\t\t\t\t\t\t<img loading=\"lazy\" decoding=\"async\" width=\"1410\" height=\"1057\" src=\"https:\/\/www.mariacalvet.com\/wp-content\/uploads\/2025\/03\/blablaen-alta.jpg\" class=\"attachment-full size-full wp-image-855\" alt=\"\" srcset=\"https:\/\/www.mariacalvet.com\/wp-content\/uploads\/2025\/03\/blablaen-alta.jpg 1410w, https:\/\/www.mariacalvet.com\/wp-content\/uploads\/2025\/03\/blablaen-alta-300x225.jpg 300w, https:\/\/www.mariacalvet.com\/wp-content\/uploads\/2025\/03\/blablaen-alta-1024x768.jpg 1024w, https:\/\/www.mariacalvet.com\/wp-content\/uploads\/2025\/03\/blablaen-alta-768x576.jpg 768w\" sizes=\"(max-width: 1410px) 100vw, 1410px\" \/>\t\t\t\t\t\t\t\t\t\t\t\t\t\t\t<\/div>\n\t\t\t\t<\/div>\n\t\t\t\t<\/div>\n\t\t\t\t<\/div>\n\t\t","protected":false},"excerpt":{"rendered":"<p>Des del 2012, dibuixant l\u2019invisible. S\u00f3c Maria Calvet, apassionada pel pensament visual. Des de sempre m\u2019ha fascinat com una simple l\u00ednia pot convertir una idea en quelcom tangible, com el dibuix t\u00e9 el poder de clarificar all\u00f2 complex i connectar les persones en un mateix marc de comprensi\u00f3. Per a mi, visualitzar \u00e9s fer visible [&hellip;]<\/p>\n","protected":false},"author":1,"featured_media":0,"parent":0,"menu_order":0,"comment_status":"closed","ping_status":"closed","template":"","meta":{"_acf_changed":false,"inline_featured_image":false,"footnotes":""},"class_list":["post-1453","page","type-page","status-publish","hentry"],"acf":[],"yoast_head":"<!-- This site is optimized with the Yoast SEO plugin v27.2 - https:\/\/yoast.com\/product\/yoast-seo-wordpress\/ -->\n<title>Contacte - Maria Calvet<\/title>\n<meta name=\"robots\" content=\"index, follow, max-snippet:-1, max-image-preview:large, max-video-preview:-1\" \/>\n<link rel=\"canonical\" href=\"https:\/\/www.mariacalvet.com\/ca\/contacte\/\" \/>\n<meta property=\"og:locale\" content=\"ca_ES\" \/>\n<meta property=\"og:type\" content=\"article\" \/>\n<meta property=\"og:title\" content=\"Contacte - Maria Calvet\" \/>\n<meta property=\"og:description\" content=\"Des del 2012, dibuixant l\u2019invisible. S\u00f3c Maria Calvet, apassionada pel pensament visual. Des de sempre m\u2019ha fascinat com una simple l\u00ednia pot convertir una idea en quelcom tangible, com el dibuix t\u00e9 el poder de clarificar all\u00f2 complex i connectar les persones en un mateix marc de comprensi\u00f3. Per a mi, visualitzar \u00e9s fer visible [&hellip;]\" \/>\n<meta property=\"og:url\" content=\"https:\/\/www.mariacalvet.com\/ca\/contacte\/\" \/>\n<meta property=\"og:site_name\" content=\"Maria Calvet\" \/>\n<meta property=\"article:modified_time\" content=\"2025-03-17T08:25:29+00:00\" \/>\n<meta property=\"og:image\" content=\"https:\/\/www.mariacalvet.com\/wp-content\/uploads\/2025\/03\/rayajo1.png\" \/>\n<meta name=\"twitter:card\" content=\"summary_large_image\" \/>\n<meta name=\"twitter:label1\" content=\"Temps estimat de lectura\" \/>\n\t<meta name=\"twitter:data1\" content=\"4 minuts\" \/>\n<script type=\"application\/ld+json\" class=\"yoast-schema-graph\">{\"@context\":\"https:\/\/schema.org\",\"@graph\":[{\"@type\":\"WebPage\",\"@id\":\"https:\/\/www.mariacalvet.com\/ca\/contacte\/\",\"url\":\"https:\/\/www.mariacalvet.com\/ca\/contacte\/\",\"name\":\"Contacte - Maria Calvet\",\"isPartOf\":{\"@id\":\"https:\/\/www.mariacalvet.com\/ca\/#website\"},\"primaryImageOfPage\":{\"@id\":\"https:\/\/www.mariacalvet.com\/ca\/contacte\/#primaryimage\"},\"image\":{\"@id\":\"https:\/\/www.mariacalvet.com\/ca\/contacte\/#primaryimage\"},\"thumbnailUrl\":\"https:\/\/www.mariacalvet.com\/wp-content\/uploads\/2025\/03\/rayajo1.png\",\"datePublished\":\"2025-03-12T09:57:43+00:00\",\"dateModified\":\"2025-03-17T08:25:29+00:00\",\"breadcrumb\":{\"@id\":\"https:\/\/www.mariacalvet.com\/ca\/contacte\/#breadcrumb\"},\"inLanguage\":\"ca\",\"potentialAction\":[{\"@type\":\"ReadAction\",\"target\":[\"https:\/\/www.mariacalvet.com\/ca\/contacte\/\"]}]},{\"@type\":\"ImageObject\",\"inLanguage\":\"ca\",\"@id\":\"https:\/\/www.mariacalvet.com\/ca\/contacte\/#primaryimage\",\"url\":\"https:\/\/www.mariacalvet.com\/wp-content\/uploads\/2025\/03\/rayajo1.png\",\"contentUrl\":\"https:\/\/www.mariacalvet.com\/wp-content\/uploads\/2025\/03\/rayajo1.png\"},{\"@type\":\"BreadcrumbList\",\"@id\":\"https:\/\/www.mariacalvet.com\/ca\/contacte\/#breadcrumb\",\"itemListElement\":[{\"@type\":\"ListItem\",\"position\":1,\"name\":\"Portada\",\"item\":\"https:\/\/www.mariacalvet.com\/ca\/\"},{\"@type\":\"ListItem\",\"position\":2,\"name\":\"Contacte\"}]},{\"@type\":\"WebSite\",\"@id\":\"https:\/\/www.mariacalvet.com\/ca\/#website\",\"url\":\"https:\/\/www.mariacalvet.com\/ca\/\",\"name\":\"Maria Calvet\",\"description\":\"\",\"publisher\":{\"@id\":\"https:\/\/www.mariacalvet.com\/ca\/#organization\"},\"potentialAction\":[{\"@type\":\"SearchAction\",\"target\":{\"@type\":\"EntryPoint\",\"urlTemplate\":\"https:\/\/www.mariacalvet.com\/ca\/?s={search_term_string}\"},\"query-input\":{\"@type\":\"PropertyValueSpecification\",\"valueRequired\":true,\"valueName\":\"search_term_string\"}}],\"inLanguage\":\"ca\"},{\"@type\":\"Organization\",\"@id\":\"https:\/\/www.mariacalvet.com\/ca\/#organization\",\"name\":\"Maria Calvet\",\"url\":\"https:\/\/www.mariacalvet.com\/ca\/\",\"logo\":{\"@type\":\"ImageObject\",\"inLanguage\":\"ca\",\"@id\":\"https:\/\/www.mariacalvet.com\/ca\/#\/schema\/logo\/image\/\",\"url\":\"https:\/\/www.mariacalvet.com\/wp-content\/uploads\/2025\/03\/logo-maria-blanco.png\",\"contentUrl\":\"https:\/\/www.mariacalvet.com\/wp-content\/uploads\/2025\/03\/logo-maria-blanco.png\",\"width\":557,\"height\":168,\"caption\":\"Maria Calvet\"},\"image\":{\"@id\":\"https:\/\/www.mariacalvet.com\/ca\/#\/schema\/logo\/image\/\"}}]}<\/script>\n<!-- \/ Yoast SEO plugin. -->","yoast_head_json":{"title":"Contacte - Maria Calvet","robots":{"index":"index","follow":"follow","max-snippet":"max-snippet:-1","max-image-preview":"max-image-preview:large","max-video-preview":"max-video-preview:-1"},"canonical":"https:\/\/www.mariacalvet.com\/ca\/contacte\/","og_locale":"ca_ES","og_type":"article","og_title":"Contacte - Maria Calvet","og_description":"Des del 2012, dibuixant l\u2019invisible. S\u00f3c Maria Calvet, apassionada pel pensament visual. Des de sempre m\u2019ha fascinat com una simple l\u00ednia pot convertir una idea en quelcom tangible, com el dibuix t\u00e9 el poder de clarificar all\u00f2 complex i connectar les persones en un mateix marc de comprensi\u00f3. Per a mi, visualitzar \u00e9s fer visible [&hellip;]","og_url":"https:\/\/www.mariacalvet.com\/ca\/contacte\/","og_site_name":"Maria Calvet","article_modified_time":"2025-03-17T08:25:29+00:00","og_image":[{"url":"https:\/\/www.mariacalvet.com\/wp-content\/uploads\/2025\/03\/rayajo1.png","type":"","width":"","height":""}],"twitter_card":"summary_large_image","twitter_misc":{"Temps estimat de lectura":"4 minuts"},"schema":{"@context":"https:\/\/schema.org","@graph":[{"@type":"WebPage","@id":"https:\/\/www.mariacalvet.com\/ca\/contacte\/","url":"https:\/\/www.mariacalvet.com\/ca\/contacte\/","name":"Contacte - Maria Calvet","isPartOf":{"@id":"https:\/\/www.mariacalvet.com\/ca\/#website"},"primaryImageOfPage":{"@id":"https:\/\/www.mariacalvet.com\/ca\/contacte\/#primaryimage"},"image":{"@id":"https:\/\/www.mariacalvet.com\/ca\/contacte\/#primaryimage"},"thumbnailUrl":"https:\/\/www.mariacalvet.com\/wp-content\/uploads\/2025\/03\/rayajo1.png","datePublished":"2025-03-12T09:57:43+00:00","dateModified":"2025-03-17T08:25:29+00:00","breadcrumb":{"@id":"https:\/\/www.mariacalvet.com\/ca\/contacte\/#breadcrumb"},"inLanguage":"ca","potentialAction":[{"@type":"ReadAction","target":["https:\/\/www.mariacalvet.com\/ca\/contacte\/"]}]},{"@type":"ImageObject","inLanguage":"ca","@id":"https:\/\/www.mariacalvet.com\/ca\/contacte\/#primaryimage","url":"https:\/\/www.mariacalvet.com\/wp-content\/uploads\/2025\/03\/rayajo1.png","contentUrl":"https:\/\/www.mariacalvet.com\/wp-content\/uploads\/2025\/03\/rayajo1.png"},{"@type":"BreadcrumbList","@id":"https:\/\/www.mariacalvet.com\/ca\/contacte\/#breadcrumb","itemListElement":[{"@type":"ListItem","position":1,"name":"Portada","item":"https:\/\/www.mariacalvet.com\/ca\/"},{"@type":"ListItem","position":2,"name":"Contacte"}]},{"@type":"WebSite","@id":"https:\/\/www.mariacalvet.com\/ca\/#website","url":"https:\/\/www.mariacalvet.com\/ca\/","name":"Maria Calvet","description":"","publisher":{"@id":"https:\/\/www.mariacalvet.com\/ca\/#organization"},"potentialAction":[{"@type":"SearchAction","target":{"@type":"EntryPoint","urlTemplate":"https:\/\/www.mariacalvet.com\/ca\/?s={search_term_string}"},"query-input":{"@type":"PropertyValueSpecification","valueRequired":true,"valueName":"search_term_string"}}],"inLanguage":"ca"},{"@type":"Organization","@id":"https:\/\/www.mariacalvet.com\/ca\/#organization","name":"Maria Calvet","url":"https:\/\/www.mariacalvet.com\/ca\/","logo":{"@type":"ImageObject","inLanguage":"ca","@id":"https:\/\/www.mariacalvet.com\/ca\/#\/schema\/logo\/image\/","url":"https:\/\/www.mariacalvet.com\/wp-content\/uploads\/2025\/03\/logo-maria-blanco.png","contentUrl":"https:\/\/www.mariacalvet.com\/wp-content\/uploads\/2025\/03\/logo-maria-blanco.png","width":557,"height":168,"caption":"Maria Calvet"},"image":{"@id":"https:\/\/www.mariacalvet.com\/ca\/#\/schema\/logo\/image\/"}}]}},"_links":{"self":[{"href":"https:\/\/www.mariacalvet.com\/ca\/wp-json\/wp\/v2\/pages\/1453","targetHints":{"allow":["GET"]}}],"collection":[{"href":"https:\/\/www.mariacalvet.com\/ca\/wp-json\/wp\/v2\/pages"}],"about":[{"href":"https:\/\/www.mariacalvet.com\/ca\/wp-json\/wp\/v2\/types\/page"}],"author":[{"embeddable":true,"href":"https:\/\/www.mariacalvet.com\/ca\/wp-json\/wp\/v2\/users\/1"}],"replies":[{"embeddable":true,"href":"https:\/\/www.mariacalvet.com\/ca\/wp-json\/wp\/v2\/comments?post=1453"}],"version-history":[{"count":11,"href":"https:\/\/www.mariacalvet.com\/ca\/wp-json\/wp\/v2\/pages\/1453\/revisions"}],"predecessor-version":[{"id":1704,"href":"https:\/\/www.mariacalvet.com\/ca\/wp-json\/wp\/v2\/pages\/1453\/revisions\/1704"}],"wp:attachment":[{"href":"https:\/\/www.mariacalvet.com\/ca\/wp-json\/wp\/v2\/media?parent=1453"}],"curies":[{"name":"wp","href":"https:\/\/api.w.org\/{rel}","templated":true}]}}