{"id":1598,"date":"2025-03-12T08:07:01","date_gmt":"2025-03-12T08:07:01","guid":{"rendered":"https:\/\/www.mariacalvet.com\/?page_id=1598"},"modified":"2025-03-17T10:29:30","modified_gmt":"2025-03-17T10:29:30","slug":"illustracio","status":"publish","type":"page","link":"https:\/\/www.mariacalvet.com\/ca\/illustracio\/","title":{"rendered":"Il\u00b7lustraci\u00f3"},"content":{"rendered":"\t\t<div data-elementor-type=\"wp-post\" data-elementor-id=\"1598\" class=\"elementor elementor-1598 elementor-718\" data-elementor-post-type=\"page\">\n\t\t\t\t<div class=\"elementor-element elementor-element-af1a4f5 e-con-full e-flex e-con e-parent\" data-id=\"af1a4f5\" data-element_type=\"container\" data-e-type=\"container\" data-settings=\"{&quot;background_background&quot;:&quot;classic&quot;}\">\n\t\t\t\t<\/div>\n\t\t<div class=\"elementor-element elementor-element-b4efd7b e-con-full e-flex elementor-invisible e-con e-parent\" data-id=\"b4efd7b\" data-element_type=\"container\" data-e-type=\"container\" data-settings=\"{&quot;animation&quot;:&quot;fadeIn&quot;}\">\n\t\t\t\t<div class=\"elementor-element elementor-element-3460c6e elementor-widget elementor-widget-heading\" data-id=\"3460c6e\" data-element_type=\"widget\" data-e-type=\"widget\" data-widget_type=\"heading.default\">\n\t\t\t\t<div class=\"elementor-widget-container\">\n\t\t\t\t\t<h1 class=\"elementor-heading-title elementor-size-default\">Il\u00b7lustraci\u00f3<\/h1>\t\t\t\t<\/div>\n\t\t\t\t<\/div>\n\t\t\t\t<div class=\"elementor-element elementor-element-7520af7 elementor-widget__width-initial page-intro elementor-widget elementor-widget-text-editor\" data-id=\"7520af7\" data-element_type=\"widget\" data-e-type=\"widget\" data-widget_type=\"text-editor.default\">\n\t\t\t\t<div class=\"elementor-widget-container\">\n\t\t\t\t\t\t\t\t\t<p>Donem vida a les teves idees amb il\u00b7lustracions personalitzades que transmeten missatges de manera <strong>\u00fanica i cridanera<\/strong>. Ja sigui per a material impr\u00e8s, digital o identitat visual, les nostres il\u00b7lustracions capturen l&#8217;ess\u00e8ncia de cada projecte amb creativitat i <strong>precisi\u00f3<\/strong>.<\/p>\t\t\t\t\t\t\t\t<\/div>\n\t\t\t\t<\/div>\n\t\t\t\t<\/div>\n\t\t<div class=\"elementor-element elementor-element-7ae7a77 e-con-full bg-content e-flex e-con e-parent\" data-id=\"7ae7a77\" data-element_type=\"container\" data-e-type=\"container\">\n\t\t<div class=\"elementor-element elementor-element-ada85f2 e-con-full e-flex e-con e-child\" data-id=\"ada85f2\" data-element_type=\"container\" data-e-type=\"container\">\n\t\t<div class=\"elementor-element elementor-element-90e5b67 e-con-full img-height-100 e-flex e-con e-child\" data-id=\"90e5b67\" data-element_type=\"container\" data-e-type=\"container\">\n\t\t\t\t<div class=\"elementor-element elementor-element-a7ddb8e elementor-invisible elementor-widget elementor-widget-image\" data-id=\"a7ddb8e\" data-element_type=\"widget\" data-e-type=\"widget\" data-settings=\"{&quot;_animation&quot;:&quot;fadeInLeft&quot;}\" data-widget_type=\"image.default\">\n\t\t\t\t<div class=\"elementor-widget-container\">\n\t\t\t\t\t\t\t\t\t\t\t\t\t\t\t<img fetchpriority=\"high\" decoding=\"async\" width=\"800\" height=\"548\" src=\"https:\/\/www.mariacalvet.com\/wp-content\/uploads\/2025\/03\/ilustracion-libros-1024x701.jpg\" class=\"attachment-large size-large wp-image-735\" alt=\"\" srcset=\"https:\/\/www.mariacalvet.com\/wp-content\/uploads\/2025\/03\/ilustracion-libros-1024x701.jpg 1024w, https:\/\/www.mariacalvet.com\/wp-content\/uploads\/2025\/03\/ilustracion-libros-300x205.jpg 300w, https:\/\/www.mariacalvet.com\/wp-content\/uploads\/2025\/03\/ilustracion-libros-768x525.jpg 768w, https:\/\/www.mariacalvet.com\/wp-content\/uploads\/2025\/03\/ilustracion-libros.jpg 1200w\" sizes=\"(max-width: 800px) 100vw, 800px\" \/>\t\t\t\t\t\t\t\t\t\t\t\t\t\t\t<\/div>\n\t\t\t\t<\/div>\n\t\t\t\t<\/div>\n\t\t<div class=\"elementor-element elementor-element-b071347 e-con-full e-flex e-con e-child\" data-id=\"b071347\" data-element_type=\"container\" data-e-type=\"container\">\n\t\t<div class=\"elementor-element elementor-element-1d17d78 e-con-full e-flex elementor-invisible e-con e-child\" data-id=\"1d17d78\" data-element_type=\"container\" data-e-type=\"container\" data-settings=\"{&quot;animation&quot;:&quot;fadeIn&quot;}\">\n\t\t\t\t<div class=\"elementor-element elementor-element-c416ef2 elementor-absolute elementor-widget elementor-widget-image\" data-id=\"c416ef2\" data-element_type=\"widget\" data-e-type=\"widget\" data-settings=\"{&quot;_position&quot;:&quot;absolute&quot;}\" data-widget_type=\"image.default\">\n\t\t\t\t<div class=\"elementor-widget-container\">\n\t\t\t\t\t\t\t\t\t\t\t\t\t\t\t<img decoding=\"async\" width=\"800\" height=\"566\" src=\"https:\/\/www.mariacalvet.com\/wp-content\/uploads\/2025\/03\/huellas_low.gif\" class=\"attachment-large size-large wp-image-1333\" alt=\"\" \/>\t\t\t\t\t\t\t\t\t\t\t\t\t\t\t<\/div>\n\t\t\t\t<\/div>\n\t\t\t\t<div class=\"elementor-element elementor-element-174ed0a elementor-widget elementor-widget-heading\" data-id=\"174ed0a\" data-element_type=\"widget\" data-e-type=\"widget\" data-widget_type=\"heading.default\">\n\t\t\t\t<div class=\"elementor-widget-container\">\n\t\t\t\t\t<h2 class=\"elementor-heading-title elementor-size-default\">Il\u00b7lustracions \nper llibres<\/h2>\t\t\t\t<\/div>\n\t\t\t\t<\/div>\n\t\t\t\t<div class=\"elementor-element elementor-element-28959e5 elementor-widget elementor-widget-text-editor\" data-id=\"28959e5\" data-element_type=\"widget\" data-e-type=\"widget\" data-widget_type=\"text-editor.default\">\n\t\t\t\t<div class=\"elementor-widget-container\">\n\t\t\t\t\t\t\t\t\t<p>Sorpr\u00e8n-te amb <strong>la Il\u00b7lustraci\u00f3<\/strong> per a llibres i portades. Aportar\u00e0s un toc \u00fanic que complementar\u00e0 la teva hist\u00f2ria, enriquint l&#8217;experi\u00e8ncia visual del lector.<\/p>\t\t\t\t\t\t\t\t<\/div>\n\t\t\t\t<\/div>\n\t\t\t\t<\/div>\n\t\t\t\t<\/div>\n\t\t\t\t<\/div>\n\t\t<div class=\"elementor-element elementor-element-623869a e-con-full e-flex e-con e-child\" data-id=\"623869a\" data-element_type=\"container\" data-e-type=\"container\">\n\t\t<div class=\"elementor-element elementor-element-8c38e3b e-con-full e-flex e-con e-child\" data-id=\"8c38e3b\" data-element_type=\"container\" data-e-type=\"container\">\n\t\t<div class=\"elementor-element elementor-element-e023be7 e-con-full e-flex elementor-invisible e-con e-child\" data-id=\"e023be7\" data-element_type=\"container\" data-e-type=\"container\" data-settings=\"{&quot;animation&quot;:&quot;fadeIn&quot;}\">\n\t\t\t\t<div class=\"elementor-element elementor-element-4df49c4 elementor-widget__width-initial elementor-widget-tablet__width-inherit elementor-widget elementor-widget-heading\" data-id=\"4df49c4\" data-element_type=\"widget\" data-e-type=\"widget\" data-widget_type=\"heading.default\">\n\t\t\t\t<div class=\"elementor-widget-container\">\n\t\t\t\t\t<h2 class=\"elementor-heading-title elementor-size-default\">Merchandising\nper empreses<\/h2>\t\t\t\t<\/div>\n\t\t\t\t<\/div>\n\t\t\t\t<div class=\"elementor-element elementor-element-7c768ba elementor-widget elementor-widget-text-editor\" data-id=\"7c768ba\" data-element_type=\"widget\" data-e-type=\"widget\" data-widget_type=\"text-editor.default\">\n\t\t\t\t<div class=\"elementor-widget-container\">\n\t\t\t\t\t\t\t\t\t<p>\u00a1Converteix el teu <strong>material corporatiu<\/strong> en productes exclusius per a la teva marca o esdeveniment! Il\u00b7lustram merchandising personalitzat com tasses, llibretas, tote bags i molt m\u00e9s.<\/p>\t\t\t\t\t\t\t\t<\/div>\n\t\t\t\t<\/div>\n\t\t\t\t<div class=\"elementor-element elementor-element-3ef973f elementor-widget elementor-widget-image\" data-id=\"3ef973f\" data-element_type=\"widget\" data-e-type=\"widget\" data-widget_type=\"image.default\">\n\t\t\t\t<div class=\"elementor-widget-container\">\n\t\t\t\t\t\t\t\t\t\t\t\t\t\t\t<img decoding=\"async\" width=\"486\" height=\"78\" src=\"https:\/\/www.mariacalvet.com\/wp-content\/uploads\/2025\/03\/lapiz.png\" class=\"attachment-large size-large wp-image-744\" alt=\"\" srcset=\"https:\/\/www.mariacalvet.com\/wp-content\/uploads\/2025\/03\/lapiz.png 486w, https:\/\/www.mariacalvet.com\/wp-content\/uploads\/2025\/03\/lapiz-300x48.png 300w\" sizes=\"(max-width: 486px) 100vw, 486px\" \/>\t\t\t\t\t\t\t\t\t\t\t\t\t\t\t<\/div>\n\t\t\t\t<\/div>\n\t\t\t\t<\/div>\n\t\t\t\t<\/div>\n\t\t<div class=\"elementor-element elementor-element-077f855 e-con-full e-flex e-con e-child\" data-id=\"077f855\" data-element_type=\"container\" data-e-type=\"container\">\n\t\t\t\t<div class=\"elementor-element elementor-element-52e1586 elementor-invisible elementor-widget elementor-widget-image\" data-id=\"52e1586\" data-element_type=\"widget\" data-e-type=\"widget\" data-settings=\"{&quot;_animation&quot;:&quot;fadeInRight&quot;}\" data-widget_type=\"image.default\">\n\t\t\t\t<div class=\"elementor-widget-container\">\n\t\t\t\t\t\t\t\t\t\t\t\t\t\t\t<img loading=\"lazy\" decoding=\"async\" width=\"800\" height=\"548\" src=\"https:\/\/www.mariacalvet.com\/wp-content\/uploads\/2025\/03\/ilustracion-merchandising-1024x701.jpg\" class=\"attachment-large size-large wp-image-738\" alt=\"\" srcset=\"https:\/\/www.mariacalvet.com\/wp-content\/uploads\/2025\/03\/ilustracion-merchandising-1024x701.jpg 1024w, https:\/\/www.mariacalvet.com\/wp-content\/uploads\/2025\/03\/ilustracion-merchandising-300x205.jpg 300w, https:\/\/www.mariacalvet.com\/wp-content\/uploads\/2025\/03\/ilustracion-merchandising-768x525.jpg 768w, https:\/\/www.mariacalvet.com\/wp-content\/uploads\/2025\/03\/ilustracion-merchandising.jpg 1200w\" sizes=\"(max-width: 800px) 100vw, 800px\" \/>\t\t\t\t\t\t\t\t\t\t\t\t\t\t\t<\/div>\n\t\t\t\t<\/div>\n\t\t\t\t<\/div>\n\t\t\t\t<\/div>\n\t\t<div class=\"elementor-element elementor-element-3a1a0c6 e-con-full e-flex e-con e-child\" data-id=\"3a1a0c6\" data-element_type=\"container\" data-e-type=\"container\">\n\t\t<div class=\"elementor-element elementor-element-3b98966 e-con-full e-flex e-con e-child\" data-id=\"3b98966\" data-element_type=\"container\" data-e-type=\"container\">\n\t\t\t\t<div class=\"elementor-element elementor-element-8c3ecb1 elementor-invisible elementor-widget elementor-widget-image\" data-id=\"8c3ecb1\" data-element_type=\"widget\" data-e-type=\"widget\" data-settings=\"{&quot;_animation&quot;:&quot;fadeInLeft&quot;}\" data-widget_type=\"image.default\">\n\t\t\t\t<div class=\"elementor-widget-container\">\n\t\t\t\t\t\t\t\t\t\t\t\t\t\t\t<img loading=\"lazy\" decoding=\"async\" width=\"800\" height=\"616\" src=\"https:\/\/www.mariacalvet.com\/wp-content\/uploads\/2025\/03\/ilustracion-comunicacion-1024x788.jpg\" class=\"attachment-large size-large wp-image-732\" alt=\"\" srcset=\"https:\/\/www.mariacalvet.com\/wp-content\/uploads\/2025\/03\/ilustracion-comunicacion-1024x788.jpg 1024w, https:\/\/www.mariacalvet.com\/wp-content\/uploads\/2025\/03\/ilustracion-comunicacion-300x231.jpg 300w, https:\/\/www.mariacalvet.com\/wp-content\/uploads\/2025\/03\/ilustracion-comunicacion-768x591.jpg 768w, https:\/\/www.mariacalvet.com\/wp-content\/uploads\/2025\/03\/ilustracion-comunicacion.jpg 1200w\" sizes=\"(max-width: 800px) 100vw, 800px\" \/>\t\t\t\t\t\t\t\t\t\t\t\t\t\t\t<\/div>\n\t\t\t\t<\/div>\n\t\t\t\t<\/div>\n\t\t<div class=\"elementor-element elementor-element-f46cd73 e-con-full e-flex e-con e-child\" data-id=\"f46cd73\" data-element_type=\"container\" data-e-type=\"container\">\n\t\t<div class=\"elementor-element elementor-element-e578828 e-con-full e-flex elementor-invisible e-con e-child\" data-id=\"e578828\" data-element_type=\"container\" data-e-type=\"container\" data-settings=\"{&quot;animation&quot;:&quot;fadeIn&quot;}\">\n\t\t\t\t<div class=\"elementor-element elementor-element-996d8f1 elementor-widget__width-initial elementor-widget elementor-widget-heading\" data-id=\"996d8f1\" data-element_type=\"widget\" data-e-type=\"widget\" data-widget_type=\"heading.default\">\n\t\t\t\t<div class=\"elementor-widget-container\">\n\t\t\t\t\t<h2 class=\"elementor-heading-title elementor-size-default\">Campanyes de \ncomunicaci\u00f3<\/h2>\t\t\t\t<\/div>\n\t\t\t\t<\/div>\n\t\t\t\t<div class=\"elementor-element elementor-element-b05931b elementor-widget-mobile__width-inherit elementor-widget elementor-widget-text-editor\" data-id=\"b05931b\" data-element_type=\"widget\" data-e-type=\"widget\" data-widget_type=\"text-editor.default\">\n\t\t\t\t<div class=\"elementor-widget-container\">\n\t\t\t\t\t\t\t\t\t<p>Genera impacte visual i transmet missatges de manera creativa i efectiva amb les nostres il\u00b7lustracions per a c<strong>ampanyes publicit\u00e0ries i institucionals<\/strong>. \u00a1Treballam tots els suports!<\/p>\t\t\t\t\t\t\t\t<\/div>\n\t\t\t\t<\/div>\n\t\t\t\t<\/div>\n\t\t\t\t<\/div>\n\t\t\t\t<\/div>\n\t\t\t\t<\/div>\n\t\t<div class=\"elementor-element elementor-element-dce2373 e-con-full e-flex elementor-invisible e-con e-parent\" data-id=\"dce2373\" data-element_type=\"container\" data-e-type=\"container\" data-settings=\"{&quot;animation&quot;:&quot;zoomIn&quot;}\">\n\t\t\t\t<div class=\"elementor-element elementor-element-5495b72 elementor-align-center elementor-widget elementor-widget-button\" data-id=\"5495b72\" data-element_type=\"widget\" data-e-type=\"widget\" data-widget_type=\"button.default\">\n\t\t\t\t<div class=\"elementor-widget-container\">\n\t\t\t\t\t\t\t\t\t<div class=\"elementor-button-wrapper\">\n\t\t\t\t\t<a class=\"elementor-button elementor-button-link elementor-size-sm\" href=\"https:\/\/www.mariacalvet.com\/ca\/galeria\/illustracio\/\">\n\t\t\t\t\t\t<span class=\"elementor-button-content-wrapper\">\n\t\t\t\t\t\t\t\t\t<span class=\"elementor-button-text\">Veure m\u00e9s<\/span>\n\t\t\t\t\t<\/span>\n\t\t\t\t\t<\/a>\n\t\t\t\t<\/div>\n\t\t\t\t\t\t\t\t<\/div>\n\t\t\t\t<\/div>\n\t\t\t\t<\/div>\n\t\t\t\t<\/div>\n\t\t","protected":false},"excerpt":{"rendered":"<p>Il\u00b7lustraci\u00f3 Donem vida a les teves idees amb il\u00b7lustracions personalitzades que transmeten missatges de manera \u00fanica i cridanera. Ja sigui per a material impr\u00e8s, digital o identitat visual, les nostres il\u00b7lustracions capturen l&#8217;ess\u00e8ncia de cada projecte amb creativitat i precisi\u00f3. Il\u00b7lustracions per llibres Sorpr\u00e8n-te amb la Il\u00b7lustraci\u00f3 per a llibres i portades. Aportar\u00e0s un toc [&hellip;]<\/p>\n","protected":false},"author":1,"featured_media":0,"parent":0,"menu_order":0,"comment_status":"closed","ping_status":"closed","template":"","meta":{"_acf_changed":false,"inline_featured_image":false,"footnotes":""},"class_list":["post-1598","page","type-page","status-publish","hentry"],"acf":[],"yoast_head":"<!-- This site is optimized with the Yoast SEO plugin v27.2 - https:\/\/yoast.com\/product\/yoast-seo-wordpress\/ -->\n<title>Il\u00b7lustraci\u00f3 - Maria Calvet<\/title>\n<meta name=\"robots\" content=\"index, follow, max-snippet:-1, max-image-preview:large, max-video-preview:-1\" \/>\n<link rel=\"canonical\" href=\"https:\/\/www.mariacalvet.com\/ca\/illustracio\/\" \/>\n<meta property=\"og:locale\" content=\"ca_ES\" \/>\n<meta property=\"og:type\" content=\"article\" \/>\n<meta property=\"og:title\" content=\"Il\u00b7lustraci\u00f3 - Maria Calvet\" \/>\n<meta property=\"og:description\" content=\"Il\u00b7lustraci\u00f3 Donem vida a les teves idees amb il\u00b7lustracions personalitzades que transmeten missatges de manera \u00fanica i cridanera. Ja sigui per a material impr\u00e8s, digital o identitat visual, les nostres il\u00b7lustracions capturen l&#8217;ess\u00e8ncia de cada projecte amb creativitat i precisi\u00f3. Il\u00b7lustracions per llibres Sorpr\u00e8n-te amb la Il\u00b7lustraci\u00f3 per a llibres i portades. Aportar\u00e0s un toc [&hellip;]\" \/>\n<meta property=\"og:url\" content=\"https:\/\/www.mariacalvet.com\/ca\/illustracio\/\" \/>\n<meta property=\"og:site_name\" content=\"Maria Calvet\" \/>\n<meta property=\"article:modified_time\" content=\"2025-03-17T10:29:30+00:00\" \/>\n<meta property=\"og:image\" content=\"https:\/\/www.mariacalvet.com\/wp-content\/uploads\/2025\/03\/ilustracion-libros.jpg\" \/>\n\t<meta property=\"og:image:width\" content=\"1200\" \/>\n\t<meta property=\"og:image:height\" content=\"821\" \/>\n\t<meta property=\"og:image:type\" content=\"image\/jpeg\" \/>\n<meta name=\"twitter:card\" content=\"summary_large_image\" \/>\n<meta name=\"twitter:label1\" content=\"Temps estimat de lectura\" \/>\n\t<meta name=\"twitter:data1\" content=\"2 minuts\" \/>\n<script type=\"application\/ld+json\" class=\"yoast-schema-graph\">{\"@context\":\"https:\/\/schema.org\",\"@graph\":[{\"@type\":\"WebPage\",\"@id\":\"https:\/\/www.mariacalvet.com\/ca\/illustracio\/\",\"url\":\"https:\/\/www.mariacalvet.com\/ca\/illustracio\/\",\"name\":\"Il\u00b7lustraci\u00f3 - Maria Calvet\",\"isPartOf\":{\"@id\":\"https:\/\/www.mariacalvet.com\/ca\/#website\"},\"primaryImageOfPage\":{\"@id\":\"https:\/\/www.mariacalvet.com\/ca\/illustracio\/#primaryimage\"},\"image\":{\"@id\":\"https:\/\/www.mariacalvet.com\/ca\/illustracio\/#primaryimage\"},\"thumbnailUrl\":\"https:\/\/www.mariacalvet.com\/wp-content\/uploads\/2025\/03\/ilustracion-libros-1024x701.jpg\",\"datePublished\":\"2025-03-12T08:07:01+00:00\",\"dateModified\":\"2025-03-17T10:29:30+00:00\",\"breadcrumb\":{\"@id\":\"https:\/\/www.mariacalvet.com\/ca\/illustracio\/#breadcrumb\"},\"inLanguage\":\"ca\",\"potentialAction\":[{\"@type\":\"ReadAction\",\"target\":[\"https:\/\/www.mariacalvet.com\/ca\/illustracio\/\"]}]},{\"@type\":\"ImageObject\",\"inLanguage\":\"ca\",\"@id\":\"https:\/\/www.mariacalvet.com\/ca\/illustracio\/#primaryimage\",\"url\":\"https:\/\/www.mariacalvet.com\/wp-content\/uploads\/2025\/03\/ilustracion-libros-1024x701.jpg\",\"contentUrl\":\"https:\/\/www.mariacalvet.com\/wp-content\/uploads\/2025\/03\/ilustracion-libros-1024x701.jpg\"},{\"@type\":\"BreadcrumbList\",\"@id\":\"https:\/\/www.mariacalvet.com\/ca\/illustracio\/#breadcrumb\",\"itemListElement\":[{\"@type\":\"ListItem\",\"position\":1,\"name\":\"Portada\",\"item\":\"https:\/\/www.mariacalvet.com\/ca\/\"},{\"@type\":\"ListItem\",\"position\":2,\"name\":\"Il\u00b7lustraci\u00f3\"}]},{\"@type\":\"WebSite\",\"@id\":\"https:\/\/www.mariacalvet.com\/ca\/#website\",\"url\":\"https:\/\/www.mariacalvet.com\/ca\/\",\"name\":\"Maria Calvet\",\"description\":\"\",\"publisher\":{\"@id\":\"https:\/\/www.mariacalvet.com\/ca\/#organization\"},\"potentialAction\":[{\"@type\":\"SearchAction\",\"target\":{\"@type\":\"EntryPoint\",\"urlTemplate\":\"https:\/\/www.mariacalvet.com\/ca\/?s={search_term_string}\"},\"query-input\":{\"@type\":\"PropertyValueSpecification\",\"valueRequired\":true,\"valueName\":\"search_term_string\"}}],\"inLanguage\":\"ca\"},{\"@type\":\"Organization\",\"@id\":\"https:\/\/www.mariacalvet.com\/ca\/#organization\",\"name\":\"Maria Calvet\",\"url\":\"https:\/\/www.mariacalvet.com\/ca\/\",\"logo\":{\"@type\":\"ImageObject\",\"inLanguage\":\"ca\",\"@id\":\"https:\/\/www.mariacalvet.com\/ca\/#\/schema\/logo\/image\/\",\"url\":\"https:\/\/www.mariacalvet.com\/wp-content\/uploads\/2025\/03\/logo-maria-blanco.png\",\"contentUrl\":\"https:\/\/www.mariacalvet.com\/wp-content\/uploads\/2025\/03\/logo-maria-blanco.png\",\"width\":557,\"height\":168,\"caption\":\"Maria Calvet\"},\"image\":{\"@id\":\"https:\/\/www.mariacalvet.com\/ca\/#\/schema\/logo\/image\/\"}}]}<\/script>\n<!-- \/ Yoast SEO plugin. -->","yoast_head_json":{"title":"Il\u00b7lustraci\u00f3 - Maria Calvet","robots":{"index":"index","follow":"follow","max-snippet":"max-snippet:-1","max-image-preview":"max-image-preview:large","max-video-preview":"max-video-preview:-1"},"canonical":"https:\/\/www.mariacalvet.com\/ca\/illustracio\/","og_locale":"ca_ES","og_type":"article","og_title":"Il\u00b7lustraci\u00f3 - Maria Calvet","og_description":"Il\u00b7lustraci\u00f3 Donem vida a les teves idees amb il\u00b7lustracions personalitzades que transmeten missatges de manera \u00fanica i cridanera. Ja sigui per a material impr\u00e8s, digital o identitat visual, les nostres il\u00b7lustracions capturen l&#8217;ess\u00e8ncia de cada projecte amb creativitat i precisi\u00f3. Il\u00b7lustracions per llibres Sorpr\u00e8n-te amb la Il\u00b7lustraci\u00f3 per a llibres i portades. Aportar\u00e0s un toc [&hellip;]","og_url":"https:\/\/www.mariacalvet.com\/ca\/illustracio\/","og_site_name":"Maria Calvet","article_modified_time":"2025-03-17T10:29:30+00:00","og_image":[{"width":1200,"height":821,"url":"https:\/\/www.mariacalvet.com\/wp-content\/uploads\/2025\/03\/ilustracion-libros.jpg","type":"image\/jpeg"}],"twitter_card":"summary_large_image","twitter_misc":{"Temps estimat de lectura":"2 minuts"},"schema":{"@context":"https:\/\/schema.org","@graph":[{"@type":"WebPage","@id":"https:\/\/www.mariacalvet.com\/ca\/illustracio\/","url":"https:\/\/www.mariacalvet.com\/ca\/illustracio\/","name":"Il\u00b7lustraci\u00f3 - Maria Calvet","isPartOf":{"@id":"https:\/\/www.mariacalvet.com\/ca\/#website"},"primaryImageOfPage":{"@id":"https:\/\/www.mariacalvet.com\/ca\/illustracio\/#primaryimage"},"image":{"@id":"https:\/\/www.mariacalvet.com\/ca\/illustracio\/#primaryimage"},"thumbnailUrl":"https:\/\/www.mariacalvet.com\/wp-content\/uploads\/2025\/03\/ilustracion-libros-1024x701.jpg","datePublished":"2025-03-12T08:07:01+00:00","dateModified":"2025-03-17T10:29:30+00:00","breadcrumb":{"@id":"https:\/\/www.mariacalvet.com\/ca\/illustracio\/#breadcrumb"},"inLanguage":"ca","potentialAction":[{"@type":"ReadAction","target":["https:\/\/www.mariacalvet.com\/ca\/illustracio\/"]}]},{"@type":"ImageObject","inLanguage":"ca","@id":"https:\/\/www.mariacalvet.com\/ca\/illustracio\/#primaryimage","url":"https:\/\/www.mariacalvet.com\/wp-content\/uploads\/2025\/03\/ilustracion-libros-1024x701.jpg","contentUrl":"https:\/\/www.mariacalvet.com\/wp-content\/uploads\/2025\/03\/ilustracion-libros-1024x701.jpg"},{"@type":"BreadcrumbList","@id":"https:\/\/www.mariacalvet.com\/ca\/illustracio\/#breadcrumb","itemListElement":[{"@type":"ListItem","position":1,"name":"Portada","item":"https:\/\/www.mariacalvet.com\/ca\/"},{"@type":"ListItem","position":2,"name":"Il\u00b7lustraci\u00f3"}]},{"@type":"WebSite","@id":"https:\/\/www.mariacalvet.com\/ca\/#website","url":"https:\/\/www.mariacalvet.com\/ca\/","name":"Maria Calvet","description":"","publisher":{"@id":"https:\/\/www.mariacalvet.com\/ca\/#organization"},"potentialAction":[{"@type":"SearchAction","target":{"@type":"EntryPoint","urlTemplate":"https:\/\/www.mariacalvet.com\/ca\/?s={search_term_string}"},"query-input":{"@type":"PropertyValueSpecification","valueRequired":true,"valueName":"search_term_string"}}],"inLanguage":"ca"},{"@type":"Organization","@id":"https:\/\/www.mariacalvet.com\/ca\/#organization","name":"Maria Calvet","url":"https:\/\/www.mariacalvet.com\/ca\/","logo":{"@type":"ImageObject","inLanguage":"ca","@id":"https:\/\/www.mariacalvet.com\/ca\/#\/schema\/logo\/image\/","url":"https:\/\/www.mariacalvet.com\/wp-content\/uploads\/2025\/03\/logo-maria-blanco.png","contentUrl":"https:\/\/www.mariacalvet.com\/wp-content\/uploads\/2025\/03\/logo-maria-blanco.png","width":557,"height":168,"caption":"Maria Calvet"},"image":{"@id":"https:\/\/www.mariacalvet.com\/ca\/#\/schema\/logo\/image\/"}}]}},"_links":{"self":[{"href":"https:\/\/www.mariacalvet.com\/ca\/wp-json\/wp\/v2\/pages\/1598","targetHints":{"allow":["GET"]}}],"collection":[{"href":"https:\/\/www.mariacalvet.com\/ca\/wp-json\/wp\/v2\/pages"}],"about":[{"href":"https:\/\/www.mariacalvet.com\/ca\/wp-json\/wp\/v2\/types\/page"}],"author":[{"embeddable":true,"href":"https:\/\/www.mariacalvet.com\/ca\/wp-json\/wp\/v2\/users\/1"}],"replies":[{"embeddable":true,"href":"https:\/\/www.mariacalvet.com\/ca\/wp-json\/wp\/v2\/comments?post=1598"}],"version-history":[{"count":17,"href":"https:\/\/www.mariacalvet.com\/ca\/wp-json\/wp\/v2\/pages\/1598\/revisions"}],"predecessor-version":[{"id":1840,"href":"https:\/\/www.mariacalvet.com\/ca\/wp-json\/wp\/v2\/pages\/1598\/revisions\/1840"}],"wp:attachment":[{"href":"https:\/\/www.mariacalvet.com\/ca\/wp-json\/wp\/v2\/media?parent=1598"}],"curies":[{"name":"wp","href":"https:\/\/api.w.org\/{rel}","templated":true}]}}