{"id":1614,"date":"2025-03-12T08:25:13","date_gmt":"2025-03-12T08:25:13","guid":{"rendered":"https:\/\/www.mariacalvet.com\/?page_id=1614"},"modified":"2025-03-17T09:28:49","modified_gmt":"2025-03-17T09:28:49","slug":"infografia","status":"publish","type":"page","link":"https:\/\/www.mariacalvet.com\/ca\/infografia\/","title":{"rendered":"Infografia"},"content":{"rendered":"\t\t<div data-elementor-type=\"wp-post\" data-elementor-id=\"1614\" class=\"elementor elementor-1614 elementor-755\" data-elementor-post-type=\"page\">\n\t\t\t\t<div class=\"elementor-element elementor-element-af1a4f5 e-con-full e-flex e-con e-parent\" data-id=\"af1a4f5\" data-element_type=\"container\" data-e-type=\"container\" data-settings=\"{&quot;background_background&quot;:&quot;classic&quot;}\">\n\t\t\t\t<\/div>\n\t\t<div class=\"elementor-element elementor-element-b4efd7b e-con-full e-flex elementor-invisible e-con e-parent\" data-id=\"b4efd7b\" data-element_type=\"container\" data-e-type=\"container\" data-settings=\"{&quot;animation&quot;:&quot;fadeIn&quot;}\">\n\t\t\t\t<div class=\"elementor-element elementor-element-3460c6e elementor-widget elementor-widget-heading\" data-id=\"3460c6e\" data-element_type=\"widget\" data-e-type=\"widget\" data-widget_type=\"heading.default\">\n\t\t\t\t<div class=\"elementor-widget-container\">\n\t\t\t\t\t<h1 class=\"elementor-heading-title elementor-size-default\">Infografia<\/h1>\t\t\t\t<\/div>\n\t\t\t\t<\/div>\n\t\t\t\t<div class=\"elementor-element elementor-element-7520af7 elementor-widget__width-initial page-intro elementor-widget elementor-widget-text-editor\" data-id=\"7520af7\" data-element_type=\"widget\" data-e-type=\"widget\" data-widget_type=\"text-editor.default\">\n\t\t\t\t<div class=\"elementor-widget-container\">\n\t\t\t\t\t\t\t\t\t<p>Convertim dades i conceptes en <strong>infografies visuals, atractives i f\u00e0cils d&#8217;entendre<\/strong>. Perfectes per a presentacions, informes o comunicaci\u00f3 interna, les nostres infografies combinen disseny i claredat per transmetre informaci\u00f3 de manera efectiva i memorable.<\/p>\t\t\t\t\t\t\t\t<\/div>\n\t\t\t\t<\/div>\n\t\t\t\t<\/div>\n\t\t<div class=\"elementor-element elementor-element-7ae7a77 e-con-full bg-content e-flex e-con e-parent\" data-id=\"7ae7a77\" data-element_type=\"container\" data-e-type=\"container\">\n\t\t<div class=\"elementor-element elementor-element-ada85f2 e-con-full e-flex e-con e-child\" data-id=\"ada85f2\" data-element_type=\"container\" data-e-type=\"container\">\n\t\t<div class=\"elementor-element elementor-element-90e5b67 e-con-full img-height-100 e-flex e-con e-child\" data-id=\"90e5b67\" data-element_type=\"container\" data-e-type=\"container\">\n\t\t\t\t<div class=\"elementor-element elementor-element-a7ddb8e elementor-invisible elementor-widget elementor-widget-image\" data-id=\"a7ddb8e\" data-element_type=\"widget\" data-e-type=\"widget\" data-settings=\"{&quot;_animation&quot;:&quot;fadeInLeft&quot;}\" data-widget_type=\"image.default\">\n\t\t\t\t<div class=\"elementor-widget-container\">\n\t\t\t\t\t\t\t\t\t\t\t\t\t\t\t<img fetchpriority=\"high\" decoding=\"async\" width=\"800\" height=\"565\" src=\"https:\/\/www.mariacalvet.com\/wp-content\/uploads\/2025\/03\/infografia-estatica-1024x723.jpg\" class=\"attachment-large size-large wp-image-771\" alt=\"\" srcset=\"https:\/\/www.mariacalvet.com\/wp-content\/uploads\/2025\/03\/infografia-estatica-1024x723.jpg 1024w, https:\/\/www.mariacalvet.com\/wp-content\/uploads\/2025\/03\/infografia-estatica-300x212.jpg 300w, https:\/\/www.mariacalvet.com\/wp-content\/uploads\/2025\/03\/infografia-estatica-768x542.jpg 768w, https:\/\/www.mariacalvet.com\/wp-content\/uploads\/2025\/03\/infografia-estatica-1536x1084.jpg 1536w, https:\/\/www.mariacalvet.com\/wp-content\/uploads\/2025\/03\/infografia-estatica.jpg 1700w\" sizes=\"(max-width: 800px) 100vw, 800px\" \/>\t\t\t\t\t\t\t\t\t\t\t\t\t\t\t<\/div>\n\t\t\t\t<\/div>\n\t\t\t\t<\/div>\n\t\t<div class=\"elementor-element elementor-element-b071347 e-con-full e-flex e-con e-child\" data-id=\"b071347\" data-element_type=\"container\" data-e-type=\"container\">\n\t\t<div class=\"elementor-element elementor-element-1d17d78 e-con-full e-flex elementor-invisible e-con e-child\" data-id=\"1d17d78\" data-element_type=\"container\" data-e-type=\"container\" data-settings=\"{&quot;animation&quot;:&quot;fadeIn&quot;}\">\n\t\t\t\t<div class=\"elementor-element elementor-element-174ed0a elementor-widget elementor-widget-heading\" data-id=\"174ed0a\" data-element_type=\"widget\" data-e-type=\"widget\" data-widget_type=\"heading.default\">\n\t\t\t\t<div class=\"elementor-widget-container\">\n\t\t\t\t\t<h2 class=\"elementor-heading-title elementor-size-default\">Infografia est\u00e0tica<\/h2>\t\t\t\t<\/div>\n\t\t\t\t<\/div>\n\t\t\t\t<div class=\"elementor-element elementor-element-28959e5 elementor-widget elementor-widget-text-editor\" data-id=\"28959e5\" data-element_type=\"widget\" data-e-type=\"widget\" data-widget_type=\"text-editor.default\">\n\t\t\t\t<div class=\"elementor-widget-container\">\n\t\t\t\t\t\t\t\t\t<p>Les <strong>infografies est\u00e0tiques<\/strong> estan enfocades a presentar dades de manera ordenada i visualment impactant, facilitant la comprensi\u00f3 r\u00e0pida i efectiva de conceptes clau.<\/p>\t\t\t\t\t\t\t\t<\/div>\n\t\t\t\t<\/div>\n\t\t\t\t<\/div>\n\t\t\t\t<\/div>\n\t\t\t\t<\/div>\n\t\t<div class=\"elementor-element elementor-element-623869a e-con-full e-flex e-con e-child\" data-id=\"623869a\" data-element_type=\"container\" data-e-type=\"container\">\n\t\t<div class=\"elementor-element elementor-element-8c38e3b e-con-full e-flex e-con e-child\" data-id=\"8c38e3b\" data-element_type=\"container\" data-e-type=\"container\">\n\t\t<div class=\"elementor-element elementor-element-e023be7 e-con-full e-flex elementor-invisible e-con e-child\" data-id=\"e023be7\" data-element_type=\"container\" data-e-type=\"container\" data-settings=\"{&quot;animation&quot;:&quot;fadeIn&quot;}\">\n\t\t\t\t<div class=\"elementor-element elementor-element-4df49c4 elementor-widget__width-initial elementor-widget-tablet__width-inherit elementor-widget elementor-widget-heading\" data-id=\"4df49c4\" data-element_type=\"widget\" data-e-type=\"widget\" data-widget_type=\"heading.default\">\n\t\t\t\t<div class=\"elementor-widget-container\">\n\t\t\t\t\t<h2 class=\"elementor-heading-title elementor-size-default\">Infografia animada<\/h2>\t\t\t\t<\/div>\n\t\t\t\t<\/div>\n\t\t\t\t<div class=\"elementor-element elementor-element-7c768ba elementor-widget elementor-widget-text-editor\" data-id=\"7c768ba\" data-element_type=\"widget\" data-e-type=\"widget\" data-widget_type=\"text-editor.default\">\n\t\t\t\t<div class=\"elementor-widget-container\">\n\t\t\t\t\t\t\t\t\t<p>En l&#8217;<strong>animaci\u00f3 d&#8217;infografies<\/strong>, les <strong>dades prenen vida<\/strong>, fent que la informaci\u00f3 sigui encara m\u00e9s atractiva i f\u00e0cil d&#8217;entendre a trav\u00e9s del moviment i el dinamisme visual.<\/p>\t\t\t\t\t\t\t\t<\/div>\n\t\t\t\t<\/div>\n\t\t\t\t<div class=\"elementor-element elementor-element-80c4cf5 elementor-widget elementor-widget-image\" data-id=\"80c4cf5\" data-element_type=\"widget\" data-e-type=\"widget\" data-widget_type=\"image.default\">\n\t\t\t\t<div class=\"elementor-widget-container\">\n\t\t\t\t\t\t\t\t\t\t\t\t\t\t\t<img decoding=\"async\" width=\"800\" height=\"1010\" src=\"https:\/\/www.mariacalvet.com\/wp-content\/uploads\/2025\/03\/escolar-811x1024.png\" class=\"attachment-large size-large wp-image-765\" alt=\"\" srcset=\"https:\/\/www.mariacalvet.com\/wp-content\/uploads\/2025\/03\/escolar-811x1024.png 811w, https:\/\/www.mariacalvet.com\/wp-content\/uploads\/2025\/03\/escolar-237x300.png 237w, https:\/\/www.mariacalvet.com\/wp-content\/uploads\/2025\/03\/escolar-768x970.png 768w, https:\/\/www.mariacalvet.com\/wp-content\/uploads\/2025\/03\/escolar-1216x1536.png 1216w, https:\/\/www.mariacalvet.com\/wp-content\/uploads\/2025\/03\/escolar-1621x2048.png 1621w, https:\/\/www.mariacalvet.com\/wp-content\/uploads\/2025\/03\/escolar.png 1706w\" sizes=\"(max-width: 800px) 100vw, 800px\" \/>\t\t\t\t\t\t\t\t\t\t\t\t\t\t\t<\/div>\n\t\t\t\t<\/div>\n\t\t\t\t<\/div>\n\t\t\t\t<\/div>\n\t\t<div class=\"elementor-element elementor-element-077f855 e-con-full e-flex e-con e-child\" data-id=\"077f855\" data-element_type=\"container\" data-e-type=\"container\">\n\t\t\t\t<div class=\"elementor-element elementor-element-5fe8e30 elementor-invisible elementor-widget elementor-widget-image\" data-id=\"5fe8e30\" data-element_type=\"widget\" data-e-type=\"widget\" data-settings=\"{&quot;_animation&quot;:&quot;fadeInRight&quot;}\" data-widget_type=\"image.default\">\n\t\t\t\t<div class=\"elementor-widget-container\">\n\t\t\t\t\t\t\t\t\t\t\t\t\t\t\t<img decoding=\"async\" width=\"800\" height=\"565\" src=\"https:\/\/www.mariacalvet.com\/wp-content\/uploads\/2025\/03\/infografia_gif-2-0.gif\" class=\"attachment-large size-large wp-image-1285\" alt=\"\" \/>\t\t\t\t\t\t\t\t\t\t\t\t\t\t\t<\/div>\n\t\t\t\t<\/div>\n\t\t\t\t<\/div>\n\t\t\t\t<\/div>\n\t\t\t\t<\/div>\n\t\t<div class=\"elementor-element elementor-element-dce2373 e-con-full e-flex elementor-invisible e-con e-parent\" data-id=\"dce2373\" data-element_type=\"container\" data-e-type=\"container\" data-settings=\"{&quot;animation&quot;:&quot;zoomIn&quot;}\">\n\t\t\t\t<div class=\"elementor-element elementor-element-5495b72 elementor-align-center elementor-widget elementor-widget-button\" data-id=\"5495b72\" data-element_type=\"widget\" data-e-type=\"widget\" data-widget_type=\"button.default\">\n\t\t\t\t<div class=\"elementor-widget-container\">\n\t\t\t\t\t\t\t\t\t<div class=\"elementor-button-wrapper\">\n\t\t\t\t\t<a class=\"elementor-button elementor-button-link elementor-size-sm\" href=\"https:\/\/www.mariacalvet.com\/ca\/galeria\/infografia\/\">\n\t\t\t\t\t\t<span class=\"elementor-button-content-wrapper\">\n\t\t\t\t\t\t\t\t\t<span class=\"elementor-button-text\">Veure m\u00e9s<\/span>\n\t\t\t\t\t<\/span>\n\t\t\t\t\t<\/a>\n\t\t\t\t<\/div>\n\t\t\t\t\t\t\t\t<\/div>\n\t\t\t\t<\/div>\n\t\t\t\t<\/div>\n\t\t\t\t<\/div>\n\t\t","protected":false},"excerpt":{"rendered":"<p>Infografia Convertim dades i conceptes en infografies visuals, atractives i f\u00e0cils d&#8217;entendre. Perfectes per a presentacions, informes o comunicaci\u00f3 interna, les nostres infografies combinen disseny i claredat per transmetre informaci\u00f3 de manera efectiva i memorable. Infografia est\u00e0tica Les infografies est\u00e0tiques estan enfocades a presentar dades de manera ordenada i visualment impactant, facilitant la comprensi\u00f3 r\u00e0pida [&hellip;]<\/p>\n","protected":false},"author":1,"featured_media":0,"parent":0,"menu_order":0,"comment_status":"closed","ping_status":"closed","template":"","meta":{"_acf_changed":false,"inline_featured_image":false,"footnotes":""},"class_list":["post-1614","page","type-page","status-publish","hentry"],"acf":[],"yoast_head":"<!-- This site is optimized with the Yoast SEO plugin v27.2 - https:\/\/yoast.com\/product\/yoast-seo-wordpress\/ -->\n<title>Infografia - Maria Calvet<\/title>\n<meta name=\"robots\" content=\"index, follow, max-snippet:-1, max-image-preview:large, max-video-preview:-1\" \/>\n<link rel=\"canonical\" href=\"https:\/\/www.mariacalvet.com\/ca\/infografia\/\" \/>\n<meta property=\"og:locale\" content=\"ca_ES\" \/>\n<meta property=\"og:type\" content=\"article\" \/>\n<meta property=\"og:title\" content=\"Infografia - Maria Calvet\" \/>\n<meta property=\"og:description\" content=\"Infografia Convertim dades i conceptes en infografies visuals, atractives i f\u00e0cils d&#8217;entendre. Perfectes per a presentacions, informes o comunicaci\u00f3 interna, les nostres infografies combinen disseny i claredat per transmetre informaci\u00f3 de manera efectiva i memorable. Infografia est\u00e0tica Les infografies est\u00e0tiques estan enfocades a presentar dades de manera ordenada i visualment impactant, facilitant la comprensi\u00f3 r\u00e0pida [&hellip;]\" \/>\n<meta property=\"og:url\" content=\"https:\/\/www.mariacalvet.com\/ca\/infografia\/\" \/>\n<meta property=\"og:site_name\" content=\"Maria Calvet\" \/>\n<meta property=\"article:modified_time\" content=\"2025-03-17T09:28:49+00:00\" \/>\n<meta property=\"og:image\" content=\"https:\/\/www.mariacalvet.com\/wp-content\/uploads\/2025\/03\/infografia-estatica.jpg\" \/>\n\t<meta property=\"og:image:width\" content=\"1700\" \/>\n\t<meta property=\"og:image:height\" content=\"1200\" \/>\n\t<meta property=\"og:image:type\" content=\"image\/jpeg\" \/>\n<meta name=\"twitter:card\" content=\"summary_large_image\" \/>\n<meta name=\"twitter:label1\" content=\"Temps estimat de lectura\" \/>\n\t<meta name=\"twitter:data1\" content=\"2 minuts\" \/>\n<script type=\"application\/ld+json\" class=\"yoast-schema-graph\">{\"@context\":\"https:\/\/schema.org\",\"@graph\":[{\"@type\":\"WebPage\",\"@id\":\"https:\/\/www.mariacalvet.com\/ca\/infografia\/\",\"url\":\"https:\/\/www.mariacalvet.com\/ca\/infografia\/\",\"name\":\"Infografia - Maria Calvet\",\"isPartOf\":{\"@id\":\"https:\/\/www.mariacalvet.com\/ca\/#website\"},\"primaryImageOfPage\":{\"@id\":\"https:\/\/www.mariacalvet.com\/ca\/infografia\/#primaryimage\"},\"image\":{\"@id\":\"https:\/\/www.mariacalvet.com\/ca\/infografia\/#primaryimage\"},\"thumbnailUrl\":\"https:\/\/www.mariacalvet.com\/wp-content\/uploads\/2025\/03\/infografia-estatica-1024x723.jpg\",\"datePublished\":\"2025-03-12T08:25:13+00:00\",\"dateModified\":\"2025-03-17T09:28:49+00:00\",\"breadcrumb\":{\"@id\":\"https:\/\/www.mariacalvet.com\/ca\/infografia\/#breadcrumb\"},\"inLanguage\":\"ca\",\"potentialAction\":[{\"@type\":\"ReadAction\",\"target\":[\"https:\/\/www.mariacalvet.com\/ca\/infografia\/\"]}]},{\"@type\":\"ImageObject\",\"inLanguage\":\"ca\",\"@id\":\"https:\/\/www.mariacalvet.com\/ca\/infografia\/#primaryimage\",\"url\":\"https:\/\/www.mariacalvet.com\/wp-content\/uploads\/2025\/03\/infografia-estatica-1024x723.jpg\",\"contentUrl\":\"https:\/\/www.mariacalvet.com\/wp-content\/uploads\/2025\/03\/infografia-estatica-1024x723.jpg\"},{\"@type\":\"BreadcrumbList\",\"@id\":\"https:\/\/www.mariacalvet.com\/ca\/infografia\/#breadcrumb\",\"itemListElement\":[{\"@type\":\"ListItem\",\"position\":1,\"name\":\"Portada\",\"item\":\"https:\/\/www.mariacalvet.com\/ca\/\"},{\"@type\":\"ListItem\",\"position\":2,\"name\":\"Infografia\"}]},{\"@type\":\"WebSite\",\"@id\":\"https:\/\/www.mariacalvet.com\/ca\/#website\",\"url\":\"https:\/\/www.mariacalvet.com\/ca\/\",\"name\":\"Maria Calvet\",\"description\":\"\",\"publisher\":{\"@id\":\"https:\/\/www.mariacalvet.com\/ca\/#organization\"},\"potentialAction\":[{\"@type\":\"SearchAction\",\"target\":{\"@type\":\"EntryPoint\",\"urlTemplate\":\"https:\/\/www.mariacalvet.com\/ca\/?s={search_term_string}\"},\"query-input\":{\"@type\":\"PropertyValueSpecification\",\"valueRequired\":true,\"valueName\":\"search_term_string\"}}],\"inLanguage\":\"ca\"},{\"@type\":\"Organization\",\"@id\":\"https:\/\/www.mariacalvet.com\/ca\/#organization\",\"name\":\"Maria Calvet\",\"url\":\"https:\/\/www.mariacalvet.com\/ca\/\",\"logo\":{\"@type\":\"ImageObject\",\"inLanguage\":\"ca\",\"@id\":\"https:\/\/www.mariacalvet.com\/ca\/#\/schema\/logo\/image\/\",\"url\":\"https:\/\/www.mariacalvet.com\/wp-content\/uploads\/2025\/03\/logo-maria-blanco.png\",\"contentUrl\":\"https:\/\/www.mariacalvet.com\/wp-content\/uploads\/2025\/03\/logo-maria-blanco.png\",\"width\":557,\"height\":168,\"caption\":\"Maria Calvet\"},\"image\":{\"@id\":\"https:\/\/www.mariacalvet.com\/ca\/#\/schema\/logo\/image\/\"}}]}<\/script>\n<!-- \/ Yoast SEO plugin. -->","yoast_head_json":{"title":"Infografia - Maria Calvet","robots":{"index":"index","follow":"follow","max-snippet":"max-snippet:-1","max-image-preview":"max-image-preview:large","max-video-preview":"max-video-preview:-1"},"canonical":"https:\/\/www.mariacalvet.com\/ca\/infografia\/","og_locale":"ca_ES","og_type":"article","og_title":"Infografia - Maria Calvet","og_description":"Infografia Convertim dades i conceptes en infografies visuals, atractives i f\u00e0cils d&#8217;entendre. Perfectes per a presentacions, informes o comunicaci\u00f3 interna, les nostres infografies combinen disseny i claredat per transmetre informaci\u00f3 de manera efectiva i memorable. Infografia est\u00e0tica Les infografies est\u00e0tiques estan enfocades a presentar dades de manera ordenada i visualment impactant, facilitant la comprensi\u00f3 r\u00e0pida [&hellip;]","og_url":"https:\/\/www.mariacalvet.com\/ca\/infografia\/","og_site_name":"Maria Calvet","article_modified_time":"2025-03-17T09:28:49+00:00","og_image":[{"width":1700,"height":1200,"url":"https:\/\/www.mariacalvet.com\/wp-content\/uploads\/2025\/03\/infografia-estatica.jpg","type":"image\/jpeg"}],"twitter_card":"summary_large_image","twitter_misc":{"Temps estimat de lectura":"2 minuts"},"schema":{"@context":"https:\/\/schema.org","@graph":[{"@type":"WebPage","@id":"https:\/\/www.mariacalvet.com\/ca\/infografia\/","url":"https:\/\/www.mariacalvet.com\/ca\/infografia\/","name":"Infografia - Maria Calvet","isPartOf":{"@id":"https:\/\/www.mariacalvet.com\/ca\/#website"},"primaryImageOfPage":{"@id":"https:\/\/www.mariacalvet.com\/ca\/infografia\/#primaryimage"},"image":{"@id":"https:\/\/www.mariacalvet.com\/ca\/infografia\/#primaryimage"},"thumbnailUrl":"https:\/\/www.mariacalvet.com\/wp-content\/uploads\/2025\/03\/infografia-estatica-1024x723.jpg","datePublished":"2025-03-12T08:25:13+00:00","dateModified":"2025-03-17T09:28:49+00:00","breadcrumb":{"@id":"https:\/\/www.mariacalvet.com\/ca\/infografia\/#breadcrumb"},"inLanguage":"ca","potentialAction":[{"@type":"ReadAction","target":["https:\/\/www.mariacalvet.com\/ca\/infografia\/"]}]},{"@type":"ImageObject","inLanguage":"ca","@id":"https:\/\/www.mariacalvet.com\/ca\/infografia\/#primaryimage","url":"https:\/\/www.mariacalvet.com\/wp-content\/uploads\/2025\/03\/infografia-estatica-1024x723.jpg","contentUrl":"https:\/\/www.mariacalvet.com\/wp-content\/uploads\/2025\/03\/infografia-estatica-1024x723.jpg"},{"@type":"BreadcrumbList","@id":"https:\/\/www.mariacalvet.com\/ca\/infografia\/#breadcrumb","itemListElement":[{"@type":"ListItem","position":1,"name":"Portada","item":"https:\/\/www.mariacalvet.com\/ca\/"},{"@type":"ListItem","position":2,"name":"Infografia"}]},{"@type":"WebSite","@id":"https:\/\/www.mariacalvet.com\/ca\/#website","url":"https:\/\/www.mariacalvet.com\/ca\/","name":"Maria Calvet","description":"","publisher":{"@id":"https:\/\/www.mariacalvet.com\/ca\/#organization"},"potentialAction":[{"@type":"SearchAction","target":{"@type":"EntryPoint","urlTemplate":"https:\/\/www.mariacalvet.com\/ca\/?s={search_term_string}"},"query-input":{"@type":"PropertyValueSpecification","valueRequired":true,"valueName":"search_term_string"}}],"inLanguage":"ca"},{"@type":"Organization","@id":"https:\/\/www.mariacalvet.com\/ca\/#organization","name":"Maria Calvet","url":"https:\/\/www.mariacalvet.com\/ca\/","logo":{"@type":"ImageObject","inLanguage":"ca","@id":"https:\/\/www.mariacalvet.com\/ca\/#\/schema\/logo\/image\/","url":"https:\/\/www.mariacalvet.com\/wp-content\/uploads\/2025\/03\/logo-maria-blanco.png","contentUrl":"https:\/\/www.mariacalvet.com\/wp-content\/uploads\/2025\/03\/logo-maria-blanco.png","width":557,"height":168,"caption":"Maria Calvet"},"image":{"@id":"https:\/\/www.mariacalvet.com\/ca\/#\/schema\/logo\/image\/"}}]}},"_links":{"self":[{"href":"https:\/\/www.mariacalvet.com\/ca\/wp-json\/wp\/v2\/pages\/1614","targetHints":{"allow":["GET"]}}],"collection":[{"href":"https:\/\/www.mariacalvet.com\/ca\/wp-json\/wp\/v2\/pages"}],"about":[{"href":"https:\/\/www.mariacalvet.com\/ca\/wp-json\/wp\/v2\/types\/page"}],"author":[{"embeddable":true,"href":"https:\/\/www.mariacalvet.com\/ca\/wp-json\/wp\/v2\/users\/1"}],"replies":[{"embeddable":true,"href":"https:\/\/www.mariacalvet.com\/ca\/wp-json\/wp\/v2\/comments?post=1614"}],"version-history":[{"count":11,"href":"https:\/\/www.mariacalvet.com\/ca\/wp-json\/wp\/v2\/pages\/1614\/revisions"}],"predecessor-version":[{"id":1799,"href":"https:\/\/www.mariacalvet.com\/ca\/wp-json\/wp\/v2\/pages\/1614\/revisions\/1799"}],"wp:attachment":[{"href":"https:\/\/www.mariacalvet.com\/ca\/wp-json\/wp\/v2\/media?parent=1614"}],"curies":[{"name":"wp","href":"https:\/\/api.w.org\/{rel}","templated":true}]}}